{"id":545,"date":"2024-01-04T10:47:45","date_gmt":"2024-01-04T10:47:45","guid":{"rendered":"https:\/\/dev.minervafoundation.fi\/priser-och-understod\/ralph-grasbecks-forskningsstipendium-i-laboratoriemedicin\/"},"modified":"2026-03-23T11:51:37","modified_gmt":"2026-03-23T11:51:37","slug":"ralph-grasbecks-forskningsstipendium-i-laboratoriemedicin","status":"publish","type":"page","link":"https:\/\/minervafoundation.fi\/sv\/priser-och-understod\/ralph-grasbecks-forskningsstipendium-i-laboratoriemedicin\/","title":{"rendered":"Ralph Gr\u00e4sbeck stipendium i laboratoriemedicin"},"content":{"rendered":"<p><div class=\"fusion-fullwidth fullwidth-box fusion-builder-row-1 fusion-flex-container has-pattern-background has-mask-background nonhundred-percent-fullwidth non-hundred-percent-height-scrolling\" style=\"--awb-border-radius-top-left:0px;--awb-border-radius-top-right:0px;--awb-border-radius-bottom-right:0px;--awb-border-radius-bottom-left:0px;--awb-flex-wrap:wrap;\" ><div class=\"fusion-builder-row fusion-row fusion-flex-align-items-flex-start fusion-flex-content-wrap\" style=\"max-width:1260px;margin-left: calc(-5% \/ 2 );margin-right: calc(-5% \/ 2 );\"><div class=\"fusion-layout-column fusion_builder_column fusion-builder-column-0 fusion_builder_column_2_3 2_3 fusion-flex-column\" style=\"--awb-bg-size:cover;--awb-width-large:66.666666666667%;--awb-margin-top-large:0px;--awb-spacing-right-large:3.5625%;--awb-margin-bottom-large:20px;--awb-spacing-left-large:3.5625%;--awb-width-medium:66.666666666667%;--awb-order-medium:0;--awb-spacing-right-medium:3.5625%;--awb-spacing-left-medium:3.5625%;--awb-width-small:100%;--awb-order-small:0;--awb-spacing-right-small:2.375%;--awb-spacing-left-small:2.375%;\"><div class=\"fusion-column-wrapper fusion-column-has-shadow fusion-flex-justify-content-flex-start fusion-content-layout-column\"><div class=\"fusion-text fusion-text-1\"><h1>Ralph Gr\u00e4sbeck stipendium i laboratoriemedicin<\/h1>\n<\/div><div class=\"fusion-text fusion-text-2\"><p>Ralph Gr\u00e4sbeck-stipendiet delas ut vartannat \u00e5r till en forskare som under de senaste sju \u00e5ren disputerat inom laboratoriemedicin och fortsatt med innovativ och h\u00f6gkvalitativ forskning inom samma omr\u00e5de. Stipendiesumman \u00e4r 10.000\u20ac. <\/p>\n<p>F\u00f6r att ans\u00f6ka om stipendium m\u00e5ste du ha genomf\u00f6rt ditt avhandlingsprojekt inom omr\u00e5det klinisk laboratoriemedicin inom de senaste sju \u00e5ren. Bidraget ska s\u00f6kas som individ, arbetsgrupper kan inte s\u00f6ka bidraget. <\/p>\n<p>F\u00f6r fr\u00e5gor relaterade till bidraget, v\u00e4nligen kontakta info@minervafoundation.fi.<\/p>\n<\/div><\/div><\/div><div class=\"fusion-layout-column fusion_builder_column fusion-builder-column-1 fusion_builder_column_1_3 1_3 fusion-flex-column\" style=\"--awb-bg-size:cover;--awb-width-large:33.333333333333%;--awb-margin-top-large:0px;--awb-spacing-right-large:7.125%;--awb-margin-bottom-large:20px;--awb-spacing-left-large:7.125%;--awb-width-medium:33.333333333333%;--awb-order-medium:0;--awb-spacing-right-medium:7.125%;--awb-spacing-left-medium:7.125%;--awb-width-small:100%;--awb-order-small:0;--awb-spacing-right-small:2.375%;--awb-spacing-left-small:2.375%;\" data-scroll-devices=\"small-visibility,medium-visibility,large-visibility\"><div class=\"fusion-column-wrapper fusion-column-has-shadow fusion-flex-justify-content-flex-start fusion-content-layout-column\"><div class=\"fusion-image-element \" style=\"--awb-max-width:280px;--awb-caption-title-font-family:var(--h2_typography-font-family);--awb-caption-title-font-weight:var(--h2_typography-font-weight);--awb-caption-title-font-style:var(--h2_typography-font-style);--awb-caption-title-size:var(--h2_typography-font-size);--awb-caption-title-transform:var(--h2_typography-text-transform);--awb-caption-title-line-height:var(--h2_typography-line-height);--awb-caption-title-letter-spacing:var(--h2_typography-letter-spacing);\"><span class=\" fusion-imageframe imageframe-none imageframe-1 hover-type-none\"><img decoding=\"async\" width=\"600\" height=\"741\" title=\"DSC_65903\" src=\"https:\/\/minervafoundation.fi\/wp-content\/uploads\/2024\/01\/DSC_65903.jpg\" alt class=\"img-responsive wp-image-410\" srcset=\"https:\/\/minervafoundation.fi\/wp-content\/uploads\/2024\/01\/DSC_65903-200x247.jpg 200w, https:\/\/minervafoundation.fi\/wp-content\/uploads\/2024\/01\/DSC_65903-400x494.jpg 400w, https:\/\/minervafoundation.fi\/wp-content\/uploads\/2024\/01\/DSC_65903.jpg 600w\" sizes=\"(max-width: 640px) 100vw, 400px\" \/><\/span><\/div><\/div><\/div><\/div><\/div><div class=\"fusion-fullwidth fullwidth-box fusion-builder-row-2 fusion-flex-container has-pattern-background has-mask-background nonhundred-percent-fullwidth non-hundred-percent-height-scrolling\" style=\"--awb-border-radius-top-left:0px;--awb-border-radius-top-right:0px;--awb-border-radius-bottom-right:0px;--awb-border-radius-bottom-left:0px;--awb-margin-top:30px;--awb-margin-bottom:30px;--awb-background-color:var(--awb-color1);--awb-flex-wrap:wrap;\" ><div class=\"fusion-builder-row fusion-row fusion-flex-align-items-flex-start fusion-flex-content-wrap\" style=\"max-width:1248px;margin-left: calc(-4% \/ 2 );margin-right: calc(-4% \/ 2 );\"><div class=\"fusion-layout-column fusion_builder_column fusion-builder-column-2 fusion_builder_column_2_3 2_3 fusion-flex-column\" style=\"--awb-padding-top:5%;--awb-padding-right:5%;--awb-padding-bottom:5%;--awb-padding-left:5%;--awb-bg-color:var(--awb-color3);--awb-bg-color-hover:var(--awb-color3);--awb-bg-size:cover;--awb-width-large:66.666666666667%;--awb-margin-top-large:0px;--awb-spacing-right-large:2.88%;--awb-margin-bottom-large:20px;--awb-spacing-left-large:2.88%;--awb-width-medium:66.666666666667%;--awb-order-medium:0;--awb-spacing-right-medium:2.88%;--awb-spacing-left-medium:2.88%;--awb-width-small:100%;--awb-order-small:0;--awb-spacing-right-small:1.92%;--awb-spacing-left-small:1.92%;\" data-scroll-devices=\"small-visibility,medium-visibility,large-visibility\"><div class=\"fusion-column-wrapper fusion-column-has-shadow fusion-flex-justify-content-flex-start fusion-content-layout-column\"><div class=\"fusion-text fusion-text-3\"><h3>Ans\u00f6kning<\/h3>\n<p>Ans\u00f6kningsperioden \u00e4r 1.4.2026 \u2013 2.5.2026.<\/p>\n<\/div><div ><a class=\"fusion-button button-flat fusion-button-default-size button-default fusion-button-default button-1 fusion-button-default-span fusion-button-default-type\" style=\"--awb-margin-top:10px;\" target=\"_blank\" rel=\"noopener noreferrer\" href=\"https:\/\/minervafoundation.rimbert.fi\/\"><span class=\"fusion-button-text awb-button__text awb-button__text--default\">Minervastiftelsens ans\u00f6kningssystem<\/span><\/a><\/div><\/div><\/div><\/div><\/div><div class=\"fusion-fullwidth fullwidth-box fusion-builder-row-3 fusion-flex-container has-pattern-background has-mask-background nonhundred-percent-fullwidth non-hundred-percent-height-scrolling\" style=\"--awb-border-radius-top-left:0px;--awb-border-radius-top-right:0px;--awb-border-radius-bottom-right:0px;--awb-border-radius-bottom-left:0px;--awb-flex-wrap:wrap;\" ><div class=\"fusion-builder-row fusion-row fusion-flex-align-items-flex-start fusion-flex-content-wrap\" style=\"max-width:1248px;margin-left: calc(-4% \/ 2 );margin-right: calc(-4% \/ 2 );\"><div class=\"fusion-layout-column fusion_builder_column fusion-builder-column-3 fusion_builder_column_2_3 2_3 fusion-flex-column\" style=\"--awb-bg-size:cover;--awb-width-large:66.666666666667%;--awb-margin-top-large:0px;--awb-spacing-right-large:2.88%;--awb-margin-bottom-large:20px;--awb-spacing-left-large:2.88%;--awb-width-medium:66.666666666667%;--awb-order-medium:0;--awb-spacing-right-medium:2.88%;--awb-spacing-left-medium:2.88%;--awb-width-small:100%;--awb-order-small:0;--awb-spacing-right-small:1.92%;--awb-spacing-left-small:1.92%;\" data-scroll-devices=\"small-visibility,medium-visibility,large-visibility\"><div class=\"fusion-column-wrapper fusion-column-has-shadow fusion-flex-justify-content-flex-start fusion-content-layout-column\"><div class=\"accordian fusion-accordian\" style=\"--awb-border-size:1px;--awb-icon-size:16px;--awb-content-font-size:16px;--awb-icon-alignment:left;--awb-hover-color:var(--awb-color2);--awb-border-color:var(--awb-color3);--awb-background-color:var(--awb-color1);--awb-divider-color:var(--awb-color3);--awb-divider-hover-color:var(--awb-color3);--awb-icon-color:var(--awb-color1);--awb-title-color:var(--awb-color8);--awb-content-color:var(--awb-color8);--awb-icon-box-color:var(--awb-color5);--awb-toggle-hover-accent-color:var(--awb-color5);--awb-title-font-family:&quot;Lato&quot;;--awb-title-font-weight:700;--awb-title-font-style:normal;--awb-title-font-size:18px;--awb-content-font-family:&quot;Lato&quot;;--awb-content-font-style:normal;--awb-content-font-weight:400;\"><div class=\"panel-group fusion-toggle-icon-boxed\" id=\"accordion-545-1\"><div class=\"fusion-panel panel-default panel-d0861265f6949a360 fusion-toggle-has-divider\" style=\"--awb-title-color:var(--awb-color8);--awb-content-color:var(--awb-color8);\"><div class=\"panel-heading\"><h4 class=\"panel-title toggle\" id=\"toggle_d0861265f6949a360\"><a aria-expanded=\"false\" aria-controls=\"d0861265f6949a360\" role=\"button\" data-toggle=\"collapse\" data-parent=\"#accordion-545-1\" data-target=\"#d0861265f6949a360\" href=\"#d0861265f6949a360\"><span class=\"fusion-toggle-icon-wrapper\" aria-hidden=\"true\"><i class=\"fa-fusion-box active-icon awb-icon-minus\" aria-hidden=\"true\"><\/i><i class=\"fa-fusion-box inactive-icon awb-icon-plus\" aria-hidden=\"true\"><\/i><\/span><span class=\"fusion-toggle-heading\">Ralph Gr\u00e4sbecks forskningsstipendium i laboratoriemedicin 2018, 2020 2022 &amp; 2024<\/span><\/a><\/h4><\/div><div id=\"d0861265f6949a360\" class=\"panel-collapse collapse \" aria-labelledby=\"toggle_d0861265f6949a360\"><div class=\"panel-body toggle-content fusion-clearfix\">\n<p>2024<br \/>\nKIM Daehong<br \/>\nUniversity of Zurich, Schweiz<br \/>\nAvkodning av immunlandskapets spr\u00e5k vid akut GvHD.<br \/>\n10.000 EUR<\/p>\n<p>2022<br \/>\nBR\u00dcCK Oscar<br \/>\nHelsingfors universitetssjukhus<br \/>\nDen cytomorfologiska digitala tvillingen.<br \/>\n10.000 EUR<\/p>\n<p>2020<br \/>\nLUUKKONEN Panu<br \/>\nYale University School of Medicine, New Haven, CT, USA<br \/>\nEn mendelsk randomiseringsstudie av alkoholfri fettleversjukdom hos m\u00e4nniskor.<br \/>\n10 000 EUR<\/p>\n<p>2018<br \/>\nLAURILA Pirkka-Pekka<br \/>\n\u00c9cole Polytechnique F\u00e9d\u00e9rale de Lausanne, Lausanne, Schweiz<br \/>\nSystemgenetik f\u00f6r \u00e5ldrande vid kardiometabolisk sjukdom.<br \/>\n10 000 EUR<\/p>\n<\/div><\/div><\/div><\/div><\/div><\/div><\/div><\/div><\/div><\/p>\n","protected":false},"excerpt":{"rendered":"","protected":false},"author":1,"featured_media":0,"parent":521,"menu_order":0,"comment_status":"closed","ping_status":"closed","template":"100-width.php","meta":{"footnotes":""},"class_list":["post-545","page","type-page","status-publish","hentry"],"_links":{"self":[{"href":"https:\/\/minervafoundation.fi\/sv\/wp-json\/wp\/v2\/pages\/545","targetHints":{"allow":["GET"]}}],"collection":[{"href":"https:\/\/minervafoundation.fi\/sv\/wp-json\/wp\/v2\/pages"}],"about":[{"href":"https:\/\/minervafoundation.fi\/sv\/wp-json\/wp\/v2\/types\/page"}],"author":[{"embeddable":true,"href":"https:\/\/minervafoundation.fi\/sv\/wp-json\/wp\/v2\/users\/1"}],"replies":[{"embeddable":true,"href":"https:\/\/minervafoundation.fi\/sv\/wp-json\/wp\/v2\/comments?post=545"}],"version-history":[{"count":22,"href":"https:\/\/minervafoundation.fi\/sv\/wp-json\/wp\/v2\/pages\/545\/revisions"}],"predecessor-version":[{"id":1552,"href":"https:\/\/minervafoundation.fi\/sv\/wp-json\/wp\/v2\/pages\/545\/revisions\/1552"}],"up":[{"embeddable":true,"href":"https:\/\/minervafoundation.fi\/sv\/wp-json\/wp\/v2\/pages\/521"}],"wp:attachment":[{"href":"https:\/\/minervafoundation.fi\/sv\/wp-json\/wp\/v2\/media?parent=545"}],"curies":[{"name":"wp","href":"https:\/\/api.w.org\/{rel}","templated":true}]}}