{"id":513,"date":"2023-12-21T08:09:30","date_gmt":"2023-12-21T08:09:30","guid":{"rendered":"https:\/\/dev.minervafoundation.fi\/minervastiftelsen\/"},"modified":"2026-04-01T13:32:39","modified_gmt":"2026-04-01T13:32:39","slug":"minervastiftelsen","status":"publish","type":"page","link":"https:\/\/minervafoundation.fi\/sv\/","title":{"rendered":"Minervastiftelsen"},"content":{"rendered":"<p><div class=\"fusion-fullwidth fullwidth-box fusion-builder-row-1 fusion-flex-container has-pattern-background has-mask-background fusion-parallax-none nonhundred-percent-fullwidth non-hundred-percent-height-scrolling\" style=\"--awb-border-radius-top-left:0px;--awb-border-radius-top-right:0px;--awb-border-radius-bottom-right:0px;--awb-border-radius-bottom-left:0px;--awb-padding-top:140px;--awb-padding-bottom:140px;--awb-margin-top:-60px;--awb-background-image:url(&quot;https:\/\/minervafoundation.fi\/wp-content\/uploads\/2023\/12\/minervakuva.jpg&quot;);--awb-background-size:cover;--awb-flex-wrap:wrap;\" ><div class=\"fusion-builder-row fusion-row fusion-flex-align-items-flex-start fusion-flex-justify-content-flex-end fusion-flex-content-wrap\" style=\"max-width:1248px;margin-left: calc(-4% \/ 2 );margin-right: calc(-4% \/ 2 );\"><div class=\"fusion-layout-column fusion_builder_column fusion-builder-column-0 fusion_builder_column_2_5 2_5 fusion-flex-column\" style=\"--awb-bg-size:cover;--awb-width-large:40%;--awb-margin-top-large:0px;--awb-spacing-right-large:4.8%;--awb-margin-bottom-large:20px;--awb-spacing-left-large:4.8%;--awb-width-medium:40%;--awb-order-medium:0;--awb-spacing-right-medium:4.8%;--awb-spacing-left-medium:4.8%;--awb-width-small:100%;--awb-order-small:0;--awb-spacing-right-small:1.92%;--awb-spacing-left-small:1.92%;\" data-scroll-devices=\"small-visibility,medium-visibility,large-visibility\"><div class=\"fusion-column-wrapper fusion-column-has-shadow fusion-flex-justify-content-flex-start fusion-content-layout-column\"><div class=\"fusion-text fusion-text-1\"><h1 style=\"text-align: right;\"><span style=\"color: #ffffff;\">Minervastiftelsen<\/span><\/h1>\n<p style=\"text-align: right;\"><span style=\"color: #ffffff;\"><strong>Minervastiftelsen<\/strong> st\u00f6der och fr\u00e4mjar inhemsk naturvetenskaplig forskning, i synnerhet inom medicin och biovetenskap. Stiftelsens huvudsakliga verksamhet \u00e4r uppr\u00e4tth\u00e5llandet av <a href=\"https:\/\/minervainstitute.fi\/\" target=\"_blank\" rel=\"noopener\">Minervastiftelsens institut f\u00f6r medicinsk forskning<\/a> vid forskningscentret Biomedicum i Helsingfors. <\/span><\/p>\n<\/div><\/div><\/div><\/div><\/div><div class=\"fusion-fullwidth fullwidth-box fusion-builder-row-2 fusion-flex-container has-pattern-background has-mask-background fusion-parallax-none nonhundred-percent-fullwidth non-hundred-percent-height-scrolling\" style=\"--awb-background-repeat-medium:no-repeat;--awb-background-repeat-small:no-repeat;--awb-border-radius-top-left:0px;--awb-border-radius-top-right:0px;--awb-border-radius-bottom-right:0px;--awb-border-radius-bottom-left:0px;--awb-padding-right:90px;--awb-padding-left:90px;--awb-padding-right-medium:40px;--awb-padding-left-medium:40px;--awb-background-image:url(&quot;https:\/\/minervafoundation.fi\/wp-content\/uploads\/2026\/04\/44bc86d064931238b9c051a122ad681ed3efd702-300x116.png&quot;);--awb-background-image-medium:url(&#039;https:\/\/minervafoundation.fi\/wp-content\/uploads\/2026\/04\/44bc86d064931238b9c051a122ad681ed3efd702-300x116.png&#039;);--awb-background-image-small:url(&#039;https:\/\/minervafoundation.fi\/wp-content\/uploads\/2026\/04\/44bc86d064931238b9c051a122ad681ed3efd702-300x116.png&#039;);--awb-background-size:cover;--awb-background-size-medium:cover;--awb-background-size-small:cover;--awb-flex-wrap:wrap;\" ><div class=\"fusion-builder-row fusion-row fusion-flex-align-items-flex-start fusion-flex-content-wrap\" style=\"max-width:1248px;margin-left: calc(-4% \/ 2 );margin-right: calc(-4% \/ 2 );\"><div class=\"fusion-layout-column fusion_builder_column fusion-builder-column-1 fusion_builder_column_3_5 3_5 fusion-flex-column\" style=\"--awb-column-gap:20px;--awb-column-gap-medium:20px;--awb-column-gap-small:40px;--awb-bg-size:cover;--awb-width-large:60%;--awb-margin-top-large:60px;--awb-spacing-right-large:3.2%;--awb-margin-bottom-large:60px;--awb-spacing-left-large:3.2%;--awb-width-medium:60%;--awb-order-medium:0;--awb-margin-top-medium:60px;--awb-spacing-right-medium:3.2%;--awb-margin-bottom-medium:60px;--awb-spacing-left-medium:3.2%;--awb-width-small:100%;--awb-order-small:5;--awb-margin-top-small:60px;--awb-spacing-right-small:1.92%;--awb-margin-bottom-small:60px;--awb-spacing-left-small:1.92%;\" data-scroll-devices=\"small-visibility,medium-visibility,large-visibility\"><div class=\"fusion-column-wrapper fusion-column-has-shadow fusion-flex-justify-content-flex-start fusion-content-layout-column\"><div class=\"fusion-title title fusion-title-1 fusion-sep-none fusion-title-text fusion-title-size-two\" style=\"--awb-text-color:var(--awb-color3);--awb-margin-bottom:20px;--awb-margin-bottom-small:40px;--awb-font-size:40px;\"><h2 class=\"fusion-title-heading title-heading-left\" style=\"font-family:var(--awb-typography1-font-family);font-weight:var(--awb-typography1-font-weight);font-style:var(--awb-typography1-font-style);margin:0;letter-spacing:var(--awb-typography1-letter-spacing);text-transform:none;font-size:1em;line-height:var(--awb-typography1-line-height);\"><strong>Ans\u00f6kningstiden f\u00f6r Minervastiftelsens priser och stipendier \u00e4r nu \u00f6ppen.<\/strong><\/h2><\/div><div class=\"fusion-text fusion-text-2 fusion-text-no-margin\" style=\"--awb-font-size:19px;--awb-letter-spacing:-0.517px;--awb-text-transform:uppercase;--awb-text-color:var(--awb-color3);--awb-margin-bottom:30px;--awb-margin-bottom-small:40px;--awb-text-font-family:var(--awb-typography1-font-family);--awb-text-font-weight:var(--awb-typography1-font-weight);--awb-text-font-style:var(--awb-typography1-font-style);\"><p><strong>Skicka in din ans\u00f6kan senast den 2 maj 2026<\/strong><\/p>\n<\/div><div ><a class=\"fusion-button button-flat fusion-button-default-size button-custom fusion-button-default button-1 fusion-button-default-span fusion-button-default-type\" style=\"--button_accent_color:var(--awb-color4);--button_accent_hover_color:var(--awb-color4);--button_border_hover_color:var(--awb-color1);--button_gradient_top_color:var(--awb-custom_color_2);--button_gradient_bottom_color:var(--awb-custom_color_2);--button_gradient_top_color_hover:var(--awb-color3);--button_gradient_bottom_color_hover:var(--awb-color3);\" target=\"_self\" href=\"https:\/\/minervafoundation.fi\/sv\/priser-och-understod\/\"><span class=\"fusion-button-text awb-button__text awb-button__text--default\">L\u00e4s mer h\u00e4r<\/span><\/a><\/div><\/div><\/div><div class=\"fusion-layout-column fusion_builder_column fusion-builder-column-2 fusion_builder_column_2_5 2_5 fusion-flex-column fusion-flex-align-self-center\" style=\"--awb-padding-top-small:52px;--awb-padding-bottom-small:190px;--awb-bg-size:cover;--awb-width-large:40%;--awb-margin-top-large:0px;--awb-spacing-right-large:4.8%;--awb-margin-bottom-large:0px;--awb-spacing-left-large:4.8%;--awb-width-medium:40%;--awb-order-medium:0;--awb-spacing-right-medium:4.8%;--awb-spacing-left-medium:4.8%;--awb-width-small:100%;--awb-order-small:1;--awb-spacing-right-small:1.92%;--awb-spacing-left-small:1.92%;\" data-scroll-devices=\"small-visibility,medium-visibility,large-visibility\"><div class=\"fusion-column-wrapper fusion-column-has-shadow fusion-flex-justify-content-flex-start fusion-content-layout-column\"><div class=\"fusion-builder-row fusion-builder-row-inner fusion-row fusion-flex-align-items-center fusion-flex-align-content-center fusion-flex-content-wrap\" style=\"--awb-flex-wrap-small:nowrap;width:104% !important;max-width:104% !important;margin-left: calc(-4% \/ 2 );margin-right: calc(-4% \/ 2 );\"><div class=\"fusion-layout-column fusion_builder_column_inner fusion-builder-nested-column-0 fusion_builder_column_inner_1_3 1_3 fusion-flex-column fusion-flex-align-self-center\" style=\"--awb-bg-size:cover;--awb-width-large:33.333333333333%;--awb-margin-top-large:0px;--awb-spacing-right-large:15px;--awb-margin-bottom-large:0px;--awb-spacing-left-large:15px;--awb-width-medium:33.333333333333%;--awb-order-medium:0;--awb-spacing-right-medium:5px;--awb-spacing-left-medium:5px;--awb-width-small:33.333333333333%;--awb-order-small:0;--awb-spacing-right-small:5px;--awb-spacing-left-small:5px;\" data-scroll-devices=\"small-visibility,medium-visibility,large-visibility\"><div class=\"fusion-column-wrapper fusion-column-has-shadow fusion-flex-justify-content-center fusion-content-layout-row fusion-flex-align-items-center\"><div class=\"fusion-image-element \" style=\"--awb-max-width:130px;--awb-caption-title-font-family:var(--h2_typography-font-family);--awb-caption-title-font-weight:var(--h2_typography-font-weight);--awb-caption-title-font-style:var(--h2_typography-font-style);--awb-caption-title-size:var(--h2_typography-font-size);--awb-caption-title-transform:var(--h2_typography-text-transform);--awb-caption-title-line-height:var(--h2_typography-line-height);--awb-caption-title-letter-spacing:var(--h2_typography-letter-spacing);\"><span class=\" fusion-imageframe imageframe-none imageframe-1 hover-type-none\"><img decoding=\"async\" width=\"300\" height=\"300\" alt=\"Selma and Maja-Lisa Selander\u2019s Fund_Emblem\" title=\"Selma_Emblem-Green\" src=\"https:\/\/minervafoundation.fi\/wp-content\/uploads\/2025\/10\/Selma_Emblem-Green-300x300.png\" class=\"img-responsive wp-image-1402\" srcset=\"https:\/\/minervafoundation.fi\/wp-content\/uploads\/2025\/10\/Selma_Emblem-Green-200x200.png 200w, https:\/\/minervafoundation.fi\/wp-content\/uploads\/2025\/10\/Selma_Emblem-Green-400x400.png 400w, https:\/\/minervafoundation.fi\/wp-content\/uploads\/2025\/10\/Selma_Emblem-Green-600x600.png 600w, https:\/\/minervafoundation.fi\/wp-content\/uploads\/2025\/10\/Selma_Emblem-Green-800x800.png 800w, https:\/\/minervafoundation.fi\/wp-content\/uploads\/2025\/10\/Selma_Emblem-Green-1200x1200.png 1200w\" sizes=\"(max-width: 640px) 100vw, 400px\" \/><\/span><\/div><\/div><\/div><div class=\"fusion-layout-column fusion_builder_column_inner fusion-builder-nested-column-1 fusion_builder_column_inner_1_3 1_3 fusion-flex-column fusion-flex-align-self-center\" style=\"--awb-bg-size:cover;--awb-width-large:33.333333333333%;--awb-margin-top-large:0px;--awb-spacing-right-large:15px;--awb-margin-bottom-large:0px;--awb-spacing-left-large:15px;--awb-width-medium:33.333333333333%;--awb-order-medium:0;--awb-spacing-right-medium:5px;--awb-spacing-left-medium:5px;--awb-width-small:33.333333333333%;--awb-order-small:0;--awb-spacing-right-small:5px;--awb-spacing-left-small:5px;\" data-scroll-devices=\"small-visibility,medium-visibility,large-visibility\"><div class=\"fusion-column-wrapper fusion-column-has-shadow fusion-flex-justify-content-center fusion-content-layout-row fusion-flex-align-items-center\"><div class=\"fusion-image-element \" style=\"--awb-margin-right:2px;--awb-margin-left:2px;--awb-max-width:120px;--awb-caption-title-font-family:var(--h2_typography-font-family);--awb-caption-title-font-weight:var(--h2_typography-font-weight);--awb-caption-title-font-style:var(--h2_typography-font-style);--awb-caption-title-size:var(--h2_typography-font-size);--awb-caption-title-transform:var(--h2_typography-text-transform);--awb-caption-title-line-height:var(--h2_typography-line-height);--awb-caption-title-letter-spacing:var(--h2_typography-letter-spacing);\"><span class=\" fusion-imageframe imageframe-none imageframe-2 hover-type-none\"><img decoding=\"async\" width=\"300\" height=\"300\" alt=\"Gr\u00e4sbeck Emblem \" title=\"Grasbeck_Emblem-Green\" src=\"https:\/\/minervafoundation.fi\/wp-content\/uploads\/2025\/10\/Grasbeck_Emblem-Green-300x300.png\" class=\"img-responsive wp-image-1405\" srcset=\"https:\/\/minervafoundation.fi\/wp-content\/uploads\/2025\/10\/Grasbeck_Emblem-Green-200x200.png 200w, https:\/\/minervafoundation.fi\/wp-content\/uploads\/2025\/10\/Grasbeck_Emblem-Green-400x400.png 400w, https:\/\/minervafoundation.fi\/wp-content\/uploads\/2025\/10\/Grasbeck_Emblem-Green-600x600.png 600w, https:\/\/minervafoundation.fi\/wp-content\/uploads\/2025\/10\/Grasbeck_Emblem-Green-800x800.png 800w, https:\/\/minervafoundation.fi\/wp-content\/uploads\/2025\/10\/Grasbeck_Emblem-Green-1200x1200.png 1200w\" sizes=\"(max-width: 640px) 100vw, 400px\" \/><\/span><\/div><\/div><\/div><div class=\"fusion-layout-column fusion_builder_column_inner fusion-builder-nested-column-2 fusion_builder_column_inner_1_3 1_3 fusion-flex-column fusion-flex-align-self-center\" style=\"--awb-bg-size:cover;--awb-width-large:33.333333333333%;--awb-margin-top-large:0px;--awb-spacing-right-large:15px;--awb-margin-bottom-large:0px;--awb-spacing-left-large:15px;--awb-width-medium:33.333333333333%;--awb-order-medium:0;--awb-spacing-right-medium:5px;--awb-spacing-left-medium:5px;--awb-width-small:33.333333333333%;--awb-order-small:0;--awb-spacing-right-small:5px;--awb-spacing-left-small:5px;\" data-scroll-devices=\"small-visibility,medium-visibility,large-visibility\"><div class=\"fusion-column-wrapper fusion-column-has-shadow fusion-flex-justify-content-center fusion-content-layout-row fusion-flex-align-items-center\"><div class=\"fusion-image-element \" style=\"--awb-margin-right:10px;--awb-margin-left:10px;--awb-max-width:100px;--awb-caption-title-font-family:var(--h2_typography-font-family);--awb-caption-title-font-weight:var(--h2_typography-font-weight);--awb-caption-title-font-style:var(--h2_typography-font-style);--awb-caption-title-size:var(--h2_typography-font-size);--awb-caption-title-transform:var(--h2_typography-text-transform);--awb-caption-title-line-height:var(--h2_typography-line-height);--awb-caption-title-letter-spacing:var(--h2_typography-letter-spacing);\"><span class=\" fusion-imageframe imageframe-none imageframe-3 hover-type-none\"><img decoding=\"async\" width=\"241\" height=\"300\" alt=\"Medix Prize Emblem\" title=\"Medix_Emblem-Green\" src=\"https:\/\/minervafoundation.fi\/wp-content\/uploads\/2025\/10\/Medix_Emblem-Green-1-241x300.png\" class=\"img-responsive wp-image-1394\" srcset=\"https:\/\/minervafoundation.fi\/wp-content\/uploads\/2025\/10\/Medix_Emblem-Green-1-200x249.png 200w, https:\/\/minervafoundation.fi\/wp-content\/uploads\/2025\/10\/Medix_Emblem-Green-1-400x499.png 400w, https:\/\/minervafoundation.fi\/wp-content\/uploads\/2025\/10\/Medix_Emblem-Green-1-600x748.png 600w, https:\/\/minervafoundation.fi\/wp-content\/uploads\/2025\/10\/Medix_Emblem-Green-1-800x998.png 800w, https:\/\/minervafoundation.fi\/wp-content\/uploads\/2025\/10\/Medix_Emblem-Green-1-1200x1497.png 1200w\" sizes=\"(max-width: 640px) 100vw, 400px\" \/><\/span><\/div><\/div><\/div><\/div><\/div><\/div><\/div><\/div>\n<div class=\"fusion-fullwidth fullwidth-box fusion-builder-row-3 fusion-flex-container has-pattern-background has-mask-background nonhundred-percent-fullwidth non-hundred-percent-height-scrolling\" style=\"--awb-border-radius-top-left:0px;--awb-border-radius-top-right:0px;--awb-border-radius-bottom-right:0px;--awb-border-radius-bottom-left:0px;--awb-padding-top:100px;--awb-padding-bottom:80px;--awb-flex-wrap:wrap;\" ><div class=\"fusion-builder-row fusion-row fusion-flex-align-items-center fusion-flex-justify-content-space-around fusion-flex-content-wrap\" style=\"max-width:1320px;margin-left: calc(-10% \/ 2 );margin-right: calc(-10% \/ 2 );\"><div class=\"fusion-layout-column fusion_builder_column fusion-builder-column-3 fusion_builder_column_1_2 1_2 fusion-flex-column\" style=\"--awb-bg-size:cover;--awb-width-large:50%;--awb-margin-top-large:0px;--awb-spacing-right-large:9%;--awb-margin-bottom-large:20px;--awb-spacing-left-large:9%;--awb-width-medium:50%;--awb-order-medium:0;--awb-spacing-right-medium:9%;--awb-spacing-left-medium:9%;--awb-width-small:100%;--awb-order-small:0;--awb-spacing-right-small:4.5%;--awb-spacing-left-small:4.5%;\"><div class=\"fusion-column-wrapper fusion-column-has-shadow fusion-flex-justify-content-flex-start fusion-content-layout-column\"><div class=\"fusion-title title fusion-title-2 fusion-sep-none fusion-title-text fusion-title-size-three\"><h3 class=\"fusion-title-heading title-heading-left\" style=\"margin:0;\">Priser och understo\u0308d<\/h3><\/div><div class=\"fusion-text fusion-text-3\"><p>Minervastiftelsen st\u00f6der medicinsk forskning i Finland genom att \u00e5rligen dela ut forskningsanslag och bel\u00f6na forskning p\u00e5 toppniv\u00e5.<\/p>\n<p>Bidragsans\u00f6kningar och prisf\u00f6rslag ska l\u00e4mnas in till onlinetj\u00e4nsten under ans\u00f6kningsperioden. L\u00e4s mera om de priser och bidrag som Minervastiftelsen delar ut samt deras ans\u00f6kningstider.<\/p>\n<\/div><div ><a class=\"fusion-button button-flat fusion-button-default-size button-default fusion-button-default button-2 fusion-button-default-span fusion-button-default-type\" style=\"--button_margin-top:10px;\" target=\"_self\" href=\"https:\/\/minervafoundation.fi\/sv\/priser-och-understod\/\"><i class=\"fa-arrow-right fas awb-button__icon awb-button__icon--default button-icon-left\" aria-hidden=\"true\"><\/i><span class=\"fusion-button-text awb-button__text awb-button__text--default\">L\u00e4s mer<\/span><\/a><\/div><\/div><\/div><div class=\"fusion-layout-column fusion_builder_column fusion-builder-column-4 fusion_builder_column_1_2 1_2 fusion-flex-column\" style=\"--awb-overflow:hidden;--awb-bg-size:cover;--awb-border-radius:0px 100px 0px 0px;--awb-width-large:50%;--awb-margin-top-large:0px;--awb-spacing-right-large:9%;--awb-margin-bottom-large:20px;--awb-spacing-left-large:9%;--awb-width-medium:50%;--awb-order-medium:0;--awb-spacing-right-medium:9%;--awb-spacing-left-medium:9%;--awb-width-small:100%;--awb-order-small:0;--awb-spacing-right-small:4.5%;--awb-spacing-left-small:4.5%;\" data-scroll-devices=\"small-visibility,medium-visibility,large-visibility\"><div class=\"fusion-column-wrapper fusion-column-has-shadow fusion-flex-justify-content-flex-start fusion-content-layout-column\"><div class=\"fusion-image-element \" style=\"--awb-margin-bottom:20px;--awb-caption-title-font-family:var(--h2_typography-font-family);--awb-caption-title-font-weight:var(--h2_typography-font-weight);--awb-caption-title-font-style:var(--h2_typography-font-style);--awb-caption-title-size:var(--h2_typography-font-size);--awb-caption-title-transform:var(--h2_typography-text-transform);--awb-caption-title-line-height:var(--h2_typography-line-height);--awb-caption-title-letter-spacing:var(--h2_typography-letter-spacing);\"><span class=\" fusion-imageframe imageframe-none imageframe-4 hover-type-none\"><img decoding=\"async\" width=\"2500\" height=\"1463\" title=\"mitalit\" src=\"https:\/\/minervafoundation.fi\/wp-content\/uploads\/2024\/01\/mitalit.jpg\" alt class=\"img-responsive wp-image-404\" srcset=\"https:\/\/minervafoundation.fi\/wp-content\/uploads\/2024\/01\/mitalit-200x117.jpg 200w, https:\/\/minervafoundation.fi\/wp-content\/uploads\/2024\/01\/mitalit-400x234.jpg 400w, https:\/\/minervafoundation.fi\/wp-content\/uploads\/2024\/01\/mitalit-600x351.jpg 600w, https:\/\/minervafoundation.fi\/wp-content\/uploads\/2024\/01\/mitalit-800x468.jpg 800w, https:\/\/minervafoundation.fi\/wp-content\/uploads\/2024\/01\/mitalit-1200x702.jpg 1200w, https:\/\/minervafoundation.fi\/wp-content\/uploads\/2024\/01\/mitalit.jpg 2500w\" sizes=\"(max-width: 640px) 100vw, 600px\" \/><\/span><\/div><\/div><\/div><\/div><\/div><div class=\"fusion-fullwidth fullwidth-box fusion-builder-row-4 fusion-flex-container has-pattern-background has-mask-background nonhundred-percent-fullwidth non-hundred-percent-height-scrolling\" style=\"--awb-border-radius-top-left:0px;--awb-border-radius-top-right:0px;--awb-border-radius-bottom-right:0px;--awb-border-radius-bottom-left:0px;--awb-padding-top:100px;--awb-padding-bottom:100px;--awb-margin-bottom:-65px;--awb-background-color:var(--awb-color3);--awb-flex-wrap:wrap;\" ><div class=\"fusion-builder-row fusion-row fusion-flex-align-items-center fusion-flex-content-wrap\" style=\"max-width:1320px;margin-left: calc(-10% \/ 2 );margin-right: calc(-10% \/ 2 );\"><div class=\"fusion-layout-column fusion_builder_column fusion-builder-column-5 fusion_builder_column_1_3 1_3 fusion-flex-column\" style=\"--awb-overflow:hidden;--awb-bg-size:cover;--awb-border-radius:0px 100px 0px 0px;--awb-width-large:33.333333333333%;--awb-margin-top-large:0px;--awb-spacing-right-large:13.5%;--awb-margin-bottom-large:20px;--awb-spacing-left-large:13.5%;--awb-width-medium:33.333333333333%;--awb-order-medium:0;--awb-spacing-right-medium:13.5%;--awb-spacing-left-medium:13.5%;--awb-width-small:100%;--awb-order-small:0;--awb-spacing-right-small:4.5%;--awb-spacing-left-small:4.5%;\" data-scroll-devices=\"small-visibility,medium-visibility,large-visibility\"><div class=\"fusion-column-wrapper fusion-column-has-shadow fusion-flex-justify-content-flex-start fusion-content-layout-column\"><div class=\"fusion-image-element \" style=\"--awb-caption-title-font-family:var(--h2_typography-font-family);--awb-caption-title-font-weight:var(--h2_typography-font-weight);--awb-caption-title-font-style:var(--h2_typography-font-style);--awb-caption-title-size:var(--h2_typography-font-size);--awb-caption-title-transform:var(--h2_typography-text-transform);--awb-caption-title-line-height:var(--h2_typography-line-height);--awb-caption-title-letter-spacing:var(--h2_typography-letter-spacing);\"><span class=\" fusion-imageframe imageframe-none imageframe-5 hover-type-none\"><img decoding=\"async\" width=\"208\" height=\"300\" title=\"Logo_tekstiton\" src=\"https:\/\/minervafoundation.fi\/wp-content\/uploads\/2024\/01\/Logo_tekstiton-208x300.png\" alt class=\"img-responsive wp-image-492\" srcset=\"https:\/\/minervafoundation.fi\/wp-content\/uploads\/2024\/01\/Logo_tekstiton-200x288.png 200w, https:\/\/minervafoundation.fi\/wp-content\/uploads\/2024\/01\/Logo_tekstiton.png 262w\" sizes=\"(max-width: 640px) 100vw, 208px\" \/><\/span><\/div><\/div><\/div><div class=\"fusion-layout-column fusion_builder_column fusion-builder-column-6 fusion_builder_column_1_2 1_2 fusion-flex-column\" style=\"--awb-bg-size:cover;--awb-width-large:50%;--awb-margin-top-large:0px;--awb-spacing-right-large:9%;--awb-margin-bottom-large:20px;--awb-spacing-left-large:9%;--awb-width-medium:50%;--awb-order-medium:0;--awb-spacing-right-medium:9%;--awb-spacing-left-medium:9%;--awb-width-small:100%;--awb-order-small:0;--awb-spacing-right-small:4.5%;--awb-spacing-left-small:4.5%;\"><div class=\"fusion-column-wrapper fusion-column-has-shadow fusion-flex-justify-content-flex-start fusion-content-layout-column\"><div class=\"fusion-title title fusion-title-3 fusion-sep-none fusion-title-text fusion-title-size-three\"><h3 class=\"fusion-title-heading title-heading-left\" style=\"margin:0;\">Nyheter<\/h3><\/div><div class=\"fusion-recent-posts fusion-recent-posts-1 avada-container layout-default layout-columns-1\"><section class=\"fusion-columns columns fusion-columns-1 columns-1\"><article class=\"post fusion-column column col col-lg-12 col-md-12 col-sm-12\"><div class=\"recent-posts-content\"><span class=\"vcard\" style=\"display: none;\"><span class=\"fn\"><a href=\"https:\/\/minervafoundation.fi\/sv\/author\/cia\/\" title=\"Inl\u00e4gg av cia\" rel=\"author\">cia<\/a><\/span><\/span><span class=\"updated\" style=\"display:none;\">2026-04-01T08:08:35+00:00<\/span><h4 class=\"entry-title\"><a href=\"https:\/\/minervafoundation.fi\/sv\/minervastiftelsen-oppna-ansokningar-2026\/\">Minervastiftelsen \u2013 \u00f6ppna ans\u00f6kningar 2026<\/a><\/h4><p class=\"meta\"><span class=\"vcard\" style=\"display: none;\"><span class=\"fn\"><a href=\"https:\/\/minervafoundation.fi\/sv\/author\/cia\/\" title=\"Inl\u00e4gg av cia\" rel=\"author\">cia<\/a><\/span><\/span><span class=\"updated\" style=\"display:none;\">2026-04-01T08:08:35+00:00<\/span><span>1.4.2026<\/span><span class=\"fusion-inline-sep\">|<\/span><\/p><\/div><\/article><article class=\"post fusion-column column col col-lg-12 col-md-12 col-sm-12\"><div class=\"recent-posts-content\"><span class=\"vcard\" style=\"display: none;\"><span class=\"fn\"><a href=\"https:\/\/minervafoundation.fi\/sv\/author\/cia\/\" title=\"Inl\u00e4gg av cia\" rel=\"author\">cia<\/a><\/span><\/span><span class=\"updated\" style=\"display:none;\">2026-03-27T09:53:52+00:00<\/span><h4 class=\"entry-title\"><a href=\"https:\/\/minervafoundation.fi\/sv\/minervas-vetenskapliga-rapport-2025\/\">Minervas vetenskapliga rapport 2025<\/a><\/h4><p class=\"meta\"><span class=\"vcard\" style=\"display: none;\"><span class=\"fn\"><a href=\"https:\/\/minervafoundation.fi\/sv\/author\/cia\/\" title=\"Inl\u00e4gg av cia\" rel=\"author\">cia<\/a><\/span><\/span><span class=\"updated\" style=\"display:none;\">2026-03-27T09:53:52+00:00<\/span><span>27.3.2026<\/span><span class=\"fusion-inline-sep\">|<\/span><\/p><\/div><\/article><article class=\"post fusion-column column col col-lg-12 col-md-12 col-sm-12\"><div class=\"recent-posts-content\"><span class=\"vcard\" style=\"display: none;\"><span class=\"fn\"><a href=\"https:\/\/minervafoundation.fi\/sv\/author\/roosaohmy-se\/\" title=\"Inl\u00e4gg av Roosa Korpikunnas\" rel=\"author\">Roosa Korpikunnas<\/a><\/span><\/span><span class=\"updated\" style=\"display:none;\">2025-11-25T13:29:10+00:00<\/span><h4 class=\"entry-title\"><a href=\"https:\/\/minervafoundation.fi\/sv\/professor-outi-makitie-tilldelas-bror-axel-lamberg-priset-2025\/\">Professor Outi M\u00e4kitie tilldelades Bror Axel Lamberg-priset 2025<\/a><\/h4><p class=\"meta\"><span class=\"vcard\" style=\"display: none;\"><span class=\"fn\"><a href=\"https:\/\/minervafoundation.fi\/sv\/author\/roosaohmy-se\/\" title=\"Inl\u00e4gg av Roosa Korpikunnas\" rel=\"author\">Roosa Korpikunnas<\/a><\/span><\/span><span class=\"updated\" style=\"display:none;\">2025-11-25T13:29:10+00:00<\/span><span>25.11.2025<\/span><span class=\"fusion-inline-sep\">|<\/span><\/p><\/div><\/article><\/section><\/div><div ><a class=\"fusion-button button-flat fusion-button-default-size button-default fusion-button-default button-3 fusion-button-default-span fusion-button-default-type\" target=\"_self\" href=\"https:\/\/minervafoundation.fi\/sv\/nyheter\/\"><i class=\"fa-arrow-right fas awb-button__icon awb-button__icon--default button-icon-left\" aria-hidden=\"true\"><\/i><span class=\"fusion-button-text awb-button__text awb-button__text--default\">Alla nyheter<\/span><\/a><\/div><\/div><\/div><\/div><\/div><\/p>\n","protected":false},"excerpt":{"rendered":"","protected":false},"author":1,"featured_media":0,"parent":0,"menu_order":0,"comment_status":"closed","ping_status":"closed","template":"100-width.php","meta":{"footnotes":""},"class_list":["post-513","page","type-page","status-publish","hentry"],"_links":{"self":[{"href":"https:\/\/minervafoundation.fi\/sv\/wp-json\/wp\/v2\/pages\/513","targetHints":{"allow":["GET"]}}],"collection":[{"href":"https:\/\/minervafoundation.fi\/sv\/wp-json\/wp\/v2\/pages"}],"about":[{"href":"https:\/\/minervafoundation.fi\/sv\/wp-json\/wp\/v2\/types\/page"}],"author":[{"embeddable":true,"href":"https:\/\/minervafoundation.fi\/sv\/wp-json\/wp\/v2\/users\/1"}],"replies":[{"embeddable":true,"href":"https:\/\/minervafoundation.fi\/sv\/wp-json\/wp\/v2\/comments?post=513"}],"version-history":[{"count":26,"href":"https:\/\/minervafoundation.fi\/sv\/wp-json\/wp\/v2\/pages\/513\/revisions"}],"predecessor-version":[{"id":1604,"href":"https:\/\/minervafoundation.fi\/sv\/wp-json\/wp\/v2\/pages\/513\/revisions\/1604"}],"wp:attachment":[{"href":"https:\/\/minervafoundation.fi\/sv\/wp-json\/wp\/v2\/media?parent=513"}],"curies":[{"name":"wp","href":"https:\/\/api.w.org\/{rel}","templated":true}]}}