{"id":497,"date":"2023-12-21T08:11:35","date_gmt":"2023-12-21T08:11:35","guid":{"rendered":"https:\/\/dev.minervafoundation.fi\/om-minervastiftelsen\/"},"modified":"2026-04-21T08:40:48","modified_gmt":"2026-04-21T08:40:48","slug":"om-minervastiftelsen","status":"publish","type":"page","link":"https:\/\/minervafoundation.fi\/sv\/om-minervastiftelsen\/","title":{"rendered":"Om Minervastiftelsen"},"content":{"rendered":"<p><div class=\"fusion-fullwidth fullwidth-box fusion-builder-row-1 fusion-flex-container has-pattern-background has-mask-background nonhundred-percent-fullwidth non-hundred-percent-height-scrolling\" style=\"--awb-border-radius-top-left:0px;--awb-border-radius-top-right:0px;--awb-border-radius-bottom-right:0px;--awb-border-radius-bottom-left:0px;--awb-flex-wrap:wrap;\" ><div class=\"fusion-builder-row fusion-row fusion-flex-align-items-flex-start fusion-flex-content-wrap\" style=\"max-width:1248px;margin-left: calc(-4% \/ 2 );margin-right: calc(-4% \/ 2 );\"><div class=\"fusion-layout-column fusion_builder_column fusion-builder-column-0 fusion_builder_column_1_1 1_1 fusion-flex-column\" style=\"--awb-bg-size:cover;--awb-width-large:100%;--awb-margin-top-large:0px;--awb-spacing-right-large:1.92%;--awb-margin-bottom-large:20px;--awb-spacing-left-large:1.92%;--awb-width-medium:100%;--awb-order-medium:0;--awb-spacing-right-medium:1.92%;--awb-spacing-left-medium:1.92%;--awb-width-small:100%;--awb-order-small:0;--awb-spacing-right-small:1.92%;--awb-spacing-left-small:1.92%;\"><div class=\"fusion-column-wrapper fusion-column-has-shadow fusion-flex-justify-content-flex-start fusion-content-layout-column\"><div class=\"fusion-text fusion-text-1\"><h1>Om Minervastiftelsen<\/h1>\n<\/div><div class=\"fusion-text fusion-text-2\"><p>Minervastiftelsen st\u00f6der och fr\u00e4mjar inhemsk forskning inom naturvetenskap, s\u00e4rskilt medicin och biovetenskap. Stiftelsen uppr\u00e4tth\u00e5ller <a href=\"http:\/\/minervainstitute.fi\">Minervastiftelsen institut f\u00f6r medicinsk forskning<\/a> vid forskningscentret Biomedicum i Helsingfors.<\/p>\n<\/div><\/div><\/div><\/div><\/div><div class=\"fusion-fullwidth fullwidth-box fusion-builder-row-2 fusion-flex-container has-pattern-background has-mask-background nonhundred-percent-fullwidth non-hundred-percent-height-scrolling\" style=\"--awb-border-radius-top-left:0px;--awb-border-radius-top-right:0px;--awb-border-radius-bottom-right:0px;--awb-border-radius-bottom-left:0px;--awb-flex-wrap:wrap;\" ><div class=\"fusion-builder-row fusion-row fusion-flex-align-items-stretch fusion-flex-content-wrap\" style=\"max-width:1248px;margin-left: calc(-4% \/ 2 );margin-right: calc(-4% \/ 2 );\"><div class=\"fusion-layout-column fusion_builder_column fusion-builder-column-1 fusion_builder_column_1_3 1_3 fusion-flex-column\" style=\"--awb-padding-top:10%;--awb-padding-right:10%;--awb-padding-bottom:10%;--awb-padding-left:10%;--awb-bg-color:var(--awb-color3);--awb-bg-color-hover:var(--awb-color3);--awb-bg-size:cover;--awb-border-color:var(--awb-color5);--awb-border-style:solid;--awb-width-large:33.333333333333%;--awb-margin-top-large:0px;--awb-spacing-right-large:5.76%;--awb-margin-bottom-large:20px;--awb-spacing-left-large:5.76%;--awb-width-medium:33.333333333333%;--awb-order-medium:0;--awb-spacing-right-medium:5.76%;--awb-spacing-left-medium:5.76%;--awb-width-small:100%;--awb-order-small:0;--awb-spacing-right-small:1.92%;--awb-spacing-left-small:1.92%;\" data-scroll-devices=\"small-visibility,medium-visibility,large-visibility\"><div class=\"fusion-column-wrapper fusion-column-has-shadow fusion-flex-justify-content-flex-start fusion-content-layout-column\"><div class=\"fusion-text fusion-text-3\"><h3>Stiftelsens styrelse<\/h3>\n<p class=\"p1\">Professor Patrik Finne, ordf\u00f6rande<br \/>\nProfessor Per-Henrik Groop<br \/>\nProfessor Malin Sund<br \/>\nEM Peter Immonen<br \/>\nEM Kim Karhu<\/p>\n<\/div><\/div><\/div><div class=\"fusion-layout-column fusion_builder_column fusion-builder-column-2 fusion_builder_column_1_3 1_3 fusion-flex-column\" style=\"--awb-padding-top:10%;--awb-padding-right:10%;--awb-padding-bottom:10%;--awb-padding-left:10%;--awb-bg-color:var(--awb-color3);--awb-bg-color-hover:var(--awb-color3);--awb-bg-size:cover;--awb-border-color:var(--awb-color5);--awb-border-style:solid;--awb-width-large:33.333333333333%;--awb-margin-top-large:0px;--awb-spacing-right-large:5.76%;--awb-margin-bottom-large:20px;--awb-spacing-left-large:5.76%;--awb-width-medium:33.333333333333%;--awb-order-medium:0;--awb-spacing-right-medium:5.76%;--awb-spacing-left-medium:5.76%;--awb-width-small:100%;--awb-order-small:0;--awb-spacing-right-small:1.92%;--awb-spacing-left-small:1.92%;\" data-scroll-devices=\"small-visibility,medium-visibility,large-visibility\"><div class=\"fusion-column-wrapper fusion-column-has-shadow fusion-flex-justify-content-flex-start fusion-content-layout-column\"><div class=\"fusion-text fusion-text-4\"><h3>Finansutskottet<\/h3>\n<p>EM Kim Karhu, ordf\u00f6rande<br \/>\nProfessor Caj Haglund<br \/>\nEM Peter Immonen<br \/>\nEM Roger L\u00f6nnberg<\/p>\n<\/div><\/div><\/div><div class=\"fusion-layout-column fusion_builder_column fusion-builder-column-3 fusion_builder_column_1_3 1_3 fusion-flex-column\" style=\"--awb-padding-top:10%;--awb-padding-right:10%;--awb-padding-bottom:10%;--awb-padding-left:10%;--awb-bg-color:var(--awb-color3);--awb-bg-color-hover:var(--awb-color3);--awb-bg-size:cover;--awb-border-color:var(--awb-color5);--awb-border-style:solid;--awb-width-large:33.333333333333%;--awb-margin-top-large:0px;--awb-spacing-right-large:5.76%;--awb-margin-bottom-large:20px;--awb-spacing-left-large:5.76%;--awb-width-medium:33.333333333333%;--awb-order-medium:0;--awb-spacing-right-medium:5.76%;--awb-spacing-left-medium:5.76%;--awb-width-small:100%;--awb-order-small:0;--awb-spacing-right-small:1.92%;--awb-spacing-left-small:1.92%;\" data-scroll-devices=\"small-visibility,medium-visibility,large-visibility\"><div class=\"fusion-column-wrapper fusion-column-has-shadow fusion-flex-justify-content-flex-start fusion-content-layout-column\"><div class=\"fusion-text fusion-text-5\"><h3>Forskningsutskottet<\/h3>\n<p>Professor Per-Henrik Groop, ordf\u00f6rande<br \/>\nProfessor Malin Sund<br \/>\nProfessor Tom B\u00f6hling<br \/>\nProfessor Patrik Finne<br \/>\nDocent Suvi Sil\u00e9n<br \/>\nDocent Carina Wallgren-Pettersson<\/p>\n<\/div><\/div><\/div><\/div><\/div><div class=\"fusion-fullwidth fullwidth-box fusion-builder-row-3 fusion-flex-container has-pattern-background has-mask-background nonhundred-percent-fullwidth non-hundred-percent-height-scrolling\" style=\"--awb-border-radius-top-left:0px;--awb-border-radius-top-right:0px;--awb-border-radius-bottom-right:0px;--awb-border-radius-bottom-left:0px;--awb-margin-top:50px;--awb-flex-wrap:wrap;\" ><div class=\"fusion-builder-row fusion-row fusion-flex-align-items-flex-start fusion-flex-content-wrap\" style=\"max-width:1248px;margin-left: calc(-4% \/ 2 );margin-right: calc(-4% \/ 2 );\"><div class=\"fusion-layout-column fusion_builder_column fusion-builder-column-4 fusion_builder_column_1_1 1_1 fusion-flex-column\" style=\"--awb-bg-size:cover;--awb-width-large:100%;--awb-margin-top-large:0px;--awb-spacing-right-large:1.92%;--awb-margin-bottom-large:20px;--awb-spacing-left-large:1.92%;--awb-width-medium:100%;--awb-order-medium:0;--awb-spacing-right-medium:1.92%;--awb-spacing-left-medium:1.92%;--awb-width-small:100%;--awb-order-small:0;--awb-spacing-right-small:1.92%;--awb-spacing-left-small:1.92%;\"><div class=\"fusion-column-wrapper fusion-column-has-shadow fusion-flex-justify-content-flex-start fusion-content-layout-column\"><div class=\"fusion-text fusion-text-6\"><h1>Historik<\/h1>\n<\/div><\/div><\/div><\/div><\/div><div class=\"fusion-fullwidth fullwidth-box fusion-builder-row-4 fusion-flex-container has-pattern-background has-mask-background nonhundred-percent-fullwidth non-hundred-percent-height-scrolling\" style=\"--awb-border-radius-top-left:0px;--awb-border-radius-top-right:0px;--awb-border-radius-bottom-right:0px;--awb-border-radius-bottom-left:0px;--awb-flex-wrap:wrap;\" ><div class=\"fusion-builder-row fusion-row fusion-flex-align-items-flex-start fusion-flex-content-wrap\" style=\"max-width:1320px;margin-left: calc(-10% \/ 2 );margin-right: calc(-10% \/ 2 );\"><div class=\"fusion-layout-column fusion_builder_column fusion-builder-column-5 fusion_builder_column_3_5 3_5 fusion-flex-column\" style=\"--awb-bg-size:cover;--awb-width-large:60%;--awb-margin-top-large:0px;--awb-spacing-right-large:7.5%;--awb-margin-bottom-large:20px;--awb-spacing-left-large:7.5%;--awb-width-medium:60%;--awb-order-medium:0;--awb-spacing-right-medium:7.5%;--awb-spacing-left-medium:7.5%;--awb-width-small:100%;--awb-order-small:0;--awb-spacing-right-small:4.5%;--awb-spacing-left-small:4.5%;\"><div class=\"fusion-column-wrapper fusion-column-has-shadow fusion-flex-justify-content-flex-start fusion-content-layout-column\"><div class=\"fusion-text fusion-text-7\"><p>P\u00e5 1950-talet var den akademiska personalen vid Helsingfors universitets fj\u00e4rde medicinavdelning, bel\u00e4gen vid Maria sjukhus, mycket aktivt engagerad i forskningsprojekt. D\u00e4remot saknade de utrymme. Institutionschefen, professor Bertel von Bonsdorff (1904-2004), som \u00e4r k\u00e4nd f\u00f6r sina studier om anemi hos fiskbandmask, f\u00f6reslog att forskarna skulle sl\u00e5 samman sina anslag och hyra utrymme f\u00f6r ett laboratorium. Hans medarbetare gick med p\u00e5 det och 1959 hyrdes rum fr\u00e5n det lilla Metodistsjukhuset Konkordia. Minervastiftelsen bildades som juridisk ram. Tre \u00f6verordnade medicinska forskare med medarbetare startade aktiviteten: Bror-Axel Lamberg (1923-2014), internl\u00e4kare och endokrinolog, Wolmar Nyberg (1919-1973), hematolog och parasitolog och Ralph Gr\u00e4sbeck (1930-2016), klinisk patolog och biokemist. Lamberg var den f\u00f6rsta chefen f\u00f6r Medicinska Forskningsinstitut Minerva. Den f\u00f6rsta yngre forskaren som producerade en doktorsavhandling fr\u00e5n institutet var Albert de la Chapelle som b\u00f6rjade unders\u00f6ka kromosomer p\u00e5 f\u00f6rslag av stiftelsens ordf\u00f6rande, professor Herman Hortling (1912-1992).<\/p>\n<p>Nyberg och Gr\u00e4sbeck fortsatte forskningsarbetet som inletts av von Bonsdorff och bevisade att bandmasken orsakar brist p\u00e5 vitamin B12 (kobalamin) hos sin v\u00e4rd. D\u00e4refter fortsatte Gr\u00e4sbeck med forskning om proteinmedierad transport av vitamin B12. Tillsammans med Kai Simons var de de f\u00f6rsta som isolerade Castles inneboende faktor och beskrev haptocorrin (som de kallade R-binder). Lamberg introducerade radioaktivt jod f\u00f6r den moderna diagnosen och f\u00f6r studier av sk\u00f6ldk\u00f6rtelsjukdomar och bekr\u00e4ftade att jodbrist var orsaken till endemisk struma i Finland. De la Chapelle blev senare en erk\u00e4nd medicinsk genetiker. Simons har blivit en ber\u00f6md cellbiolog, som under ett antal \u00e5r ledde EMBL-avdelningen f\u00f6r cellbiologi i Heidelberg och Max Planck-institut i Dresden, Tyskland. Frej Fyhrquist producerade sin avhandling om renin-angiotensin, blev expert p\u00e5 hormonell blodtrycksreglering och var institutschef fram till slutet av 2003. Han eftertr\u00e4dande Gr\u00e4sbeck som var chef 1971-1994. Fyhrquist som chef f\u00f6r institutet f\u00f6ljdes av professor Dan Lindholm, neurobiolog, och han i sin tur 2011 av professor Vesa Olkkonen, lipidcellsbiolog och kardiovaskul\u00e4r forskare.<\/p>\n<p>M\u00e5nga laboratorietester introducerades f\u00f6r forskningen vid Minerva. M\u00e5nga av dem blev intressanta och senare rutinprov som b\u00f6rjade efterfr\u00e5gas av l\u00e4kare. Stiftelsen f\u00e5r dock inte bedriva kommersiell verksamhet och det var sv\u00e5rt att tillhandah\u00e5lla denna tj\u00e4nst d\u00e5 kunderna inte kunde debiteras. D\u00e4rf\u00f6r grundade forskarna ett f\u00f6retag, Medix Ltd. f\u00f6r att utf\u00f6ra testerna. Grundarna sk\u00e4nkte sina andelar till Minerva och Folkh\u00e4lsans stiftelser samt Liv och H\u00e4lsa-s\u00e4llskapet (lagen kr\u00e4vde d\u00e5 att ett aktiebolag skulle ha minst tre \u00e4gare) med best\u00e4mmelsen att all vinst skulle anv\u00e4ndas f\u00f6r att fr\u00e4mja forskning. F\u00f6retaget har expanderat och m\u00e5ngdubblats p\u00e5 ett anm\u00e4rkningsv\u00e4rt s\u00e4tt. Yhtyneet Medix Laboratories Ltd. blev det st\u00f6rsta privata referenslaboratoriet i Finland. Medix Biochemica Ltd. producerar monoklonala antikroppar och reagenskit som s\u00e4ljs \u00f6ver hela v\u00e4rlden. F\u00f6retagens vinster och resulterande utdelningar gjorde det m\u00f6jligt f\u00f6r stiftelsen att uppr\u00e4tth\u00e5lla institutets infrastruktur. Under 2016 s\u00e5lde Minerva-stiftelsen majoriteten av sitt \u00e4gande i Medix-f\u00f6retagen och flyttade sina innehav till v\u00e4rdepapper\/aktiemarknaden, vars utdelning f\u00f6r n\u00e4rvarande anv\u00e4nds f\u00f6r att driva institutet.<\/p>\n<\/div><\/div><\/div><div class=\"fusion-layout-column fusion_builder_column fusion-builder-column-6 fusion_builder_column_2_5 2_5 fusion-flex-column\" style=\"--awb-bg-size:cover;--awb-width-large:40%;--awb-margin-top-large:0px;--awb-spacing-right-large:11.25%;--awb-margin-bottom-large:20px;--awb-spacing-left-large:11.25%;--awb-width-medium:40%;--awb-order-medium:0;--awb-spacing-right-medium:11.25%;--awb-spacing-left-medium:11.25%;--awb-width-small:100%;--awb-order-small:0;--awb-spacing-right-small:4.5%;--awb-spacing-left-small:4.5%;\"><div class=\"fusion-column-wrapper fusion-column-has-shadow fusion-flex-justify-content-flex-start fusion-content-layout-column\"><div class=\"fusion-image-element \" style=\"--awb-caption-title-font-family:var(--h2_typography-font-family);--awb-caption-title-font-weight:var(--h2_typography-font-weight);--awb-caption-title-font-style:var(--h2_typography-font-style);--awb-caption-title-size:var(--h2_typography-font-size);--awb-caption-title-transform:var(--h2_typography-text-transform);--awb-caption-title-line-height:var(--h2_typography-line-height);--awb-caption-title-letter-spacing:var(--h2_typography-letter-spacing);\"><span class=\" fusion-imageframe imageframe-none imageframe-1 hover-type-none\"><img decoding=\"async\" width=\"2500\" height=\"1767\" title=\"3. Alku_1970\" src=\"https:\/\/minervafoundation.fi\/wp-content\/uploads\/2023\/12\/3.-Alku_1970.jpg\" alt class=\"img-responsive wp-image-396\" srcset=\"https:\/\/minervafoundation.fi\/wp-content\/uploads\/2023\/12\/3.-Alku_1970-200x141.jpg 200w, https:\/\/minervafoundation.fi\/wp-content\/uploads\/2023\/12\/3.-Alku_1970-400x283.jpg 400w, https:\/\/minervafoundation.fi\/wp-content\/uploads\/2023\/12\/3.-Alku_1970-600x424.jpg 600w, https:\/\/minervafoundation.fi\/wp-content\/uploads\/2023\/12\/3.-Alku_1970-800x565.jpg 800w, https:\/\/minervafoundation.fi\/wp-content\/uploads\/2023\/12\/3.-Alku_1970-1200x848.jpg 1200w, https:\/\/minervafoundation.fi\/wp-content\/uploads\/2023\/12\/3.-Alku_1970.jpg 2500w\" sizes=\"(max-width: 640px) 100vw, 400px\" \/><\/span><\/div><div class=\"fusion-text fusion-text-8\" style=\"--awb-margin-top:10px;\"><p><em>1970<\/em><\/p>\n<\/div><div class=\"fusion-image-element \" style=\"--awb-margin-top:50px;--awb-caption-title-font-family:var(--h2_typography-font-family);--awb-caption-title-font-weight:var(--h2_typography-font-weight);--awb-caption-title-font-style:var(--h2_typography-font-style);--awb-caption-title-size:var(--h2_typography-font-size);--awb-caption-title-transform:var(--h2_typography-text-transform);--awb-caption-title-line-height:var(--h2_typography-line-height);--awb-caption-title-letter-spacing:var(--h2_typography-letter-spacing);\"><span class=\" fusion-imageframe imageframe-none imageframe-2 hover-type-none\"><img decoding=\"async\" width=\"2500\" height=\"1576\" title=\"8. Maria sjukhus\" src=\"https:\/\/minervafoundation.fi\/wp-content\/uploads\/2023\/12\/8.-Maria-sjukhus.jpg\" alt class=\"img-responsive wp-image-398\" srcset=\"https:\/\/minervafoundation.fi\/wp-content\/uploads\/2023\/12\/8.-Maria-sjukhus-200x126.jpg 200w, https:\/\/minervafoundation.fi\/wp-content\/uploads\/2023\/12\/8.-Maria-sjukhus-400x252.jpg 400w, https:\/\/minervafoundation.fi\/wp-content\/uploads\/2023\/12\/8.-Maria-sjukhus-600x378.jpg 600w, https:\/\/minervafoundation.fi\/wp-content\/uploads\/2023\/12\/8.-Maria-sjukhus-800x504.jpg 800w, https:\/\/minervafoundation.fi\/wp-content\/uploads\/2023\/12\/8.-Maria-sjukhus-1200x756.jpg 1200w, https:\/\/minervafoundation.fi\/wp-content\/uploads\/2023\/12\/8.-Maria-sjukhus.jpg 2500w\" sizes=\"(max-width: 640px) 100vw, 400px\" \/><\/span><\/div><div class=\"fusion-text fusion-text-9\" style=\"--awb-margin-top:10px;\"><p><em>Maria sjukhus<\/em><\/p>\n<\/div><div class=\"fusion-image-element \" style=\"--awb-margin-top:50px;--awb-caption-title-font-family:var(--h2_typography-font-family);--awb-caption-title-font-weight:var(--h2_typography-font-weight);--awb-caption-title-font-style:var(--h2_typography-font-style);--awb-caption-title-size:var(--h2_typography-font-size);--awb-caption-title-transform:var(--h2_typography-text-transform);--awb-caption-title-line-height:var(--h2_typography-line-height);--awb-caption-title-letter-spacing:var(--h2_typography-letter-spacing);\"><span class=\" fusion-imageframe imageframe-none imageframe-3 hover-type-none\"><img decoding=\"async\" width=\"707\" height=\"1000\" title=\"Chapelle\" src=\"https:\/\/minervafoundation.fi\/wp-content\/uploads\/2023\/12\/Chapelle.jpg\" alt class=\"img-responsive wp-image-402\" srcset=\"https:\/\/minervafoundation.fi\/wp-content\/uploads\/2023\/12\/Chapelle-200x283.jpg 200w, https:\/\/minervafoundation.fi\/wp-content\/uploads\/2023\/12\/Chapelle-400x566.jpg 400w, https:\/\/minervafoundation.fi\/wp-content\/uploads\/2023\/12\/Chapelle-600x849.jpg 600w, https:\/\/minervafoundation.fi\/wp-content\/uploads\/2023\/12\/Chapelle.jpg 707w\" sizes=\"(max-width: 640px) 100vw, 400px\" \/><\/span><\/div><div class=\"fusion-text fusion-text-10\" style=\"--awb-margin-top:10px;\"><p><em>Albert de la Chapelle<\/em><\/p>\n<\/div><\/div><\/div><\/div><\/div><div class=\"fusion-fullwidth fullwidth-box fusion-builder-row-5 fusion-flex-container has-pattern-background has-mask-background nonhundred-percent-fullwidth non-hundred-percent-height-scrolling\" style=\"--awb-border-radius-top-left:0px;--awb-border-radius-top-right:0px;--awb-border-radius-bottom-right:0px;--awb-border-radius-bottom-left:0px;--awb-flex-wrap:wrap;\" ><div class=\"fusion-builder-row fusion-row fusion-flex-align-items-flex-start fusion-flex-content-wrap\" style=\"max-width:1248px;margin-left: calc(-4% \/ 2 );margin-right: calc(-4% \/ 2 );\"><div class=\"fusion-layout-column fusion_builder_column fusion-builder-column-7 fusion_builder_column_1_1 1_1 fusion-flex-column\" style=\"--awb-bg-size:cover;--awb-width-large:100%;--awb-margin-top-large:0px;--awb-spacing-right-large:1.92%;--awb-margin-bottom-large:20px;--awb-spacing-left-large:1.92%;--awb-width-medium:100%;--awb-order-medium:0;--awb-spacing-right-medium:1.92%;--awb-spacing-left-medium:1.92%;--awb-width-small:100%;--awb-order-small:0;--awb-spacing-right-small:1.92%;--awb-spacing-left-small:1.92%;\"><div class=\"fusion-column-wrapper fusion-column-has-shadow fusion-flex-justify-content-flex-start fusion-content-layout-column\"><\/div><\/div><\/div><\/div><\/p>\n","protected":false},"excerpt":{"rendered":"","protected":false},"author":1,"featured_media":0,"parent":0,"menu_order":0,"comment_status":"closed","ping_status":"closed","template":"100-width.php","meta":{"footnotes":""},"class_list":["post-497","page","type-page","status-publish","hentry"],"_links":{"self":[{"href":"https:\/\/minervafoundation.fi\/sv\/wp-json\/wp\/v2\/pages\/497","targetHints":{"allow":["GET"]}}],"collection":[{"href":"https:\/\/minervafoundation.fi\/sv\/wp-json\/wp\/v2\/pages"}],"about":[{"href":"https:\/\/minervafoundation.fi\/sv\/wp-json\/wp\/v2\/types\/page"}],"author":[{"embeddable":true,"href":"https:\/\/minervafoundation.fi\/sv\/wp-json\/wp\/v2\/users\/1"}],"replies":[{"embeddable":true,"href":"https:\/\/minervafoundation.fi\/sv\/wp-json\/wp\/v2\/comments?post=497"}],"version-history":[{"count":21,"href":"https:\/\/minervafoundation.fi\/sv\/wp-json\/wp\/v2\/pages\/497\/revisions"}],"predecessor-version":[{"id":1609,"href":"https:\/\/minervafoundation.fi\/sv\/wp-json\/wp\/v2\/pages\/497\/revisions\/1609"}],"wp:attachment":[{"href":"https:\/\/minervafoundation.fi\/sv\/wp-json\/wp\/v2\/media?parent=497"}],"curies":[{"name":"wp","href":"https:\/\/api.w.org\/{rel}","templated":true}]}}