{"id":536,"date":"2024-01-04T12:21:33","date_gmt":"2024-01-04T12:21:33","guid":{"rendered":"https:\/\/dev.minervafoundation.fi\/palkinnot-ja-apurahat\/minervasaation-endokrinologian-bror-axel-lamberg-palkinto\/"},"modified":"2024-10-31T13:21:34","modified_gmt":"2024-10-31T13:21:34","slug":"minervasaation-endokrinologian-bror-axel-lamberg-palkinto","status":"publish","type":"page","link":"https:\/\/minervafoundation.fi\/fi\/palkinnot-ja-apurahat\/minervasaation-endokrinologian-bror-axel-lamberg-palkinto\/","title":{"rendered":"Minervas\u00e4\u00e4ti\u00f6n endokrinologian Bror-Axel Lamberg -palkinto"},"content":{"rendered":"<p><div class=\"fusion-fullwidth fullwidth-box fusion-builder-row-1 fusion-flex-container has-pattern-background has-mask-background nonhundred-percent-fullwidth non-hundred-percent-height-scrolling\" style=\"--awb-border-radius-top-left:0px;--awb-border-radius-top-right:0px;--awb-border-radius-bottom-right:0px;--awb-border-radius-bottom-left:0px;--awb-flex-wrap:wrap;\" ><div class=\"fusion-builder-row fusion-row fusion-flex-align-items-flex-start fusion-flex-content-wrap\" style=\"max-width:1260px;margin-left: calc(-5% \/ 2 );margin-right: calc(-5% \/ 2 );\"><div class=\"fusion-layout-column fusion_builder_column fusion-builder-column-0 fusion_builder_column_2_3 2_3 fusion-flex-column\" style=\"--awb-bg-size:cover;--awb-width-large:66.666666666667%;--awb-margin-top-large:0px;--awb-spacing-right-large:3.5625%;--awb-margin-bottom-large:20px;--awb-spacing-left-large:3.5625%;--awb-width-medium:66.666666666667%;--awb-order-medium:0;--awb-spacing-right-medium:3.5625%;--awb-spacing-left-medium:3.5625%;--awb-width-small:100%;--awb-order-small:0;--awb-spacing-right-small:2.375%;--awb-spacing-left-small:2.375%;\"><div class=\"fusion-column-wrapper fusion-column-has-shadow fusion-flex-justify-content-flex-start fusion-content-layout-column\"><div class=\"fusion-text fusion-text-1\"><h1>Minervas\u00e4\u00e4ti\u00f6n endokrinologian Bror-Axel Lamberg -palkinto<\/h1>\n<\/div><div class=\"fusion-text fusion-text-2\"><p>Minervas\u00e4\u00e4ti\u00f6n endokrinologian Bror-Axel Lamberg -palkinto my\u00f6nnet\u00e4\u00e4n joka toinen vuosi ansiokkaalle suomalaiselle tai pohjoismaalaiselle endokrinologian alan tutkijalle. Palkinto julkistetaan Suomen Endokrinologiyhdistyksen vuosikokouksessa, ja se on suuruudeltaan 10 000 euroa. Ensimm\u00e4isen, vuonna 2017 my\u00f6nnetyn palkinnon sai suomalainen tutkija. Suomen Endokrinologiyhdistys asettaa kolme palkintoehdokasta, joista Minervas\u00e4\u00e4ti\u00f6 valitsee voittajan.  <\/p>\n<p>Palkintoon liittyviss\u00e4 kysymyksiss\u00e4 ota yhteytt\u00e4 osoitteeseen info@minervafoundation.fi.<\/p>\n<\/div><\/div><\/div><div class=\"fusion-layout-column fusion_builder_column fusion-builder-column-1 fusion_builder_column_1_3 1_3 fusion-flex-column\" style=\"--awb-bg-size:cover;--awb-width-large:33.333333333333%;--awb-margin-top-large:0px;--awb-spacing-right-large:7.125%;--awb-margin-bottom-large:20px;--awb-spacing-left-large:7.125%;--awb-width-medium:33.333333333333%;--awb-order-medium:0;--awb-spacing-right-medium:7.125%;--awb-spacing-left-medium:7.125%;--awb-width-small:100%;--awb-order-small:0;--awb-spacing-right-small:2.375%;--awb-spacing-left-small:2.375%;\" data-scroll-devices=\"small-visibility,medium-visibility,large-visibility\"><div class=\"fusion-column-wrapper fusion-column-has-shadow fusion-flex-justify-content-flex-start fusion-content-layout-column\"><div class=\"fusion-image-element \" style=\"--awb-max-width:280px;--awb-caption-title-font-family:var(--h2_typography-font-family);--awb-caption-title-font-weight:var(--h2_typography-font-weight);--awb-caption-title-font-style:var(--h2_typography-font-style);--awb-caption-title-size:var(--h2_typography-font-size);--awb-caption-title-transform:var(--h2_typography-text-transform);--awb-caption-title-line-height:var(--h2_typography-line-height);--awb-caption-title-letter-spacing:var(--h2_typography-letter-spacing);\"><span class=\" fusion-imageframe imageframe-none imageframe-1 hover-type-none\"><img decoding=\"async\" width=\"700\" height=\"860\" title=\"DSC_65933\" src=\"https:\/\/minervafoundation.fi\/wp-content\/uploads\/2024\/01\/DSC_65933.jpg\" alt class=\"img-responsive wp-image-407\" srcset=\"https:\/\/minervafoundation.fi\/wp-content\/uploads\/2024\/01\/DSC_65933-200x246.jpg 200w, https:\/\/minervafoundation.fi\/wp-content\/uploads\/2024\/01\/DSC_65933-400x491.jpg 400w, https:\/\/minervafoundation.fi\/wp-content\/uploads\/2024\/01\/DSC_65933-600x737.jpg 600w, https:\/\/minervafoundation.fi\/wp-content\/uploads\/2024\/01\/DSC_65933.jpg 700w\" sizes=\"(max-width: 640px) 100vw, 400px\" \/><\/span><\/div><\/div><\/div><\/div><\/div><div class=\"fusion-fullwidth fullwidth-box fusion-builder-row-2 fusion-flex-container has-pattern-background has-mask-background nonhundred-percent-fullwidth non-hundred-percent-height-scrolling\" style=\"--awb-border-radius-top-left:0px;--awb-border-radius-top-right:0px;--awb-border-radius-bottom-right:0px;--awb-border-radius-bottom-left:0px;--awb-flex-wrap:wrap;\" ><div class=\"fusion-builder-row fusion-row fusion-flex-align-items-flex-start fusion-flex-content-wrap\" style=\"max-width:1248px;margin-left: calc(-4% \/ 2 );margin-right: calc(-4% \/ 2 );\"><div class=\"fusion-layout-column fusion_builder_column fusion-builder-column-2 fusion_builder_column_2_3 2_3 fusion-flex-column\" style=\"--awb-bg-size:cover;--awb-width-large:66.666666666667%;--awb-margin-top-large:0px;--awb-spacing-right-large:2.88%;--awb-margin-bottom-large:20px;--awb-spacing-left-large:2.88%;--awb-width-medium:66.666666666667%;--awb-order-medium:0;--awb-spacing-right-medium:2.88%;--awb-spacing-left-medium:2.88%;--awb-width-small:100%;--awb-order-small:0;--awb-spacing-right-small:1.92%;--awb-spacing-left-small:1.92%;\"><div class=\"fusion-column-wrapper fusion-column-has-shadow fusion-flex-justify-content-flex-start fusion-content-layout-column\"><div class=\"accordian fusion-accordian\" style=\"--awb-border-size:1px;--awb-icon-size:16px;--awb-content-font-size:16px;--awb-icon-alignment:left;--awb-hover-color:var(--awb-color2);--awb-border-color:var(--awb-color3);--awb-background-color:var(--awb-color1);--awb-divider-color:var(--awb-color3);--awb-divider-hover-color:var(--awb-color3);--awb-icon-color:var(--awb-color1);--awb-title-color:var(--awb-color8);--awb-content-color:var(--awb-color8);--awb-icon-box-color:var(--awb-color5);--awb-toggle-hover-accent-color:var(--awb-color5);--awb-title-font-family:&quot;Lato&quot;;--awb-title-font-weight:700;--awb-title-font-style:normal;--awb-title-font-size:18px;--awb-content-font-family:&quot;Lato&quot;;--awb-content-font-style:normal;--awb-content-font-weight:400;\"><div class=\"panel-group fusion-toggle-icon-boxed\" id=\"accordion-536-1\"><div class=\"fusion-panel panel-default panel-318928f0eb22c3f60 fusion-toggle-has-divider\" style=\"--awb-title-color:var(--awb-color8);--awb-content-color:var(--awb-color8);\"><div class=\"panel-heading\"><h4 class=\"panel-title toggle\" id=\"toggle_318928f0eb22c3f60\"><a aria-expanded=\"false\" aria-controls=\"318928f0eb22c3f60\" role=\"button\" data-toggle=\"collapse\" data-parent=\"#accordion-536-1\" data-target=\"#318928f0eb22c3f60\" href=\"#318928f0eb22c3f60\"><span class=\"fusion-toggle-icon-wrapper\" aria-hidden=\"true\"><i class=\"fa-fusion-box active-icon awb-icon-minus\" aria-hidden=\"true\"><\/i><i class=\"fa-fusion-box inactive-icon awb-icon-plus\" aria-hidden=\"true\"><\/i><\/span><span class=\"fusion-toggle-heading\">Minervas\u00e4\u00e4ti\u00f6n endokrinologian Bror-Axel Lamberg -palkinto<\/span><\/a><\/h4><\/div><div id=\"318928f0eb22c3f60\" class=\"panel-collapse collapse \" aria-labelledby=\"toggle_318928f0eb22c3f60\"><div class=\"panel-body toggle-content fusion-clearfix\">\n<p><strong>2023<\/p>\n<p><\/strong>Professori Pirjo Nuutila<br \/>\nTurun yliopisto ja Turun yliopistollinen sairaala<br \/>\n10.000 EUR<\/p>\n<p><strong>2021<\/strong><\/p>\n<p>Professori Olle K\u00e4mpe<br \/>\nKarolinska Institutet, Ruotsi<br \/>\n10.000 EUR<\/p>\n<p><strong>2019<\/strong><\/p>\n<p>Professori Ulla Feldt-Rasmussen<br \/>\nRigshospitalet, K\u00f6\u00f6penhamina, Tanska<br \/>\n10.000 EUR<\/p>\n<p><strong>2017<\/strong><\/p>\n<p>Professor Jorma Toppari<br \/>\nTurun yliopisto ja Turun yliopistollinen sairaala<br \/>\n10.000 EUR<\/p>\n<\/div><\/div><\/div><\/div><\/div><\/div><\/div><\/div><\/div><\/p>\n","protected":false},"excerpt":{"rendered":"","protected":false},"author":1,"featured_media":0,"parent":517,"menu_order":0,"comment_status":"closed","ping_status":"closed","template":"100-width.php","meta":{"footnotes":""},"class_list":["post-536","page","type-page","status-publish","hentry"],"_links":{"self":[{"href":"https:\/\/minervafoundation.fi\/fi\/wp-json\/wp\/v2\/pages\/536","targetHints":{"allow":["GET"]}}],"collection":[{"href":"https:\/\/minervafoundation.fi\/fi\/wp-json\/wp\/v2\/pages"}],"about":[{"href":"https:\/\/minervafoundation.fi\/fi\/wp-json\/wp\/v2\/types\/page"}],"author":[{"embeddable":true,"href":"https:\/\/minervafoundation.fi\/fi\/wp-json\/wp\/v2\/users\/1"}],"replies":[{"embeddable":true,"href":"https:\/\/minervafoundation.fi\/fi\/wp-json\/wp\/v2\/comments?post=536"}],"version-history":[{"count":19,"href":"https:\/\/minervafoundation.fi\/fi\/wp-json\/wp\/v2\/pages\/536\/revisions"}],"predecessor-version":[{"id":1060,"href":"https:\/\/minervafoundation.fi\/fi\/wp-json\/wp\/v2\/pages\/536\/revisions\/1060"}],"up":[{"embeddable":true,"href":"https:\/\/minervafoundation.fi\/fi\/wp-json\/wp\/v2\/pages\/517"}],"wp:attachment":[{"href":"https:\/\/minervafoundation.fi\/fi\/wp-json\/wp\/v2\/media?parent=536"}],"curies":[{"name":"wp","href":"https:\/\/api.w.org\/{rel}","templated":true}]}}