{"id":530,"date":"2023-12-28T12:46:13","date_gmt":"2023-12-28T12:46:13","guid":{"rendered":"https:\/\/dev.minervafoundation.fi\/palkinnot-ja-apurahat\/minervasaation-medix-palkinto\/"},"modified":"2026-03-23T11:48:32","modified_gmt":"2026-03-23T11:48:32","slug":"minervasaation-medix-palkinto","status":"publish","type":"page","link":"https:\/\/minervafoundation.fi\/fi\/palkinnot-ja-apurahat\/minervasaation-medix-palkinto\/","title":{"rendered":"Minervas\u00e4\u00e4ti\u00f6n Medix-palkinto"},"content":{"rendered":"<p><div class=\"fusion-fullwidth fullwidth-box fusion-builder-row-1 fusion-flex-container has-pattern-background has-mask-background nonhundred-percent-fullwidth non-hundred-percent-height-scrolling\" style=\"--awb-border-radius-top-left:0px;--awb-border-radius-top-right:0px;--awb-border-radius-bottom-right:0px;--awb-border-radius-bottom-left:0px;--awb-flex-wrap:wrap;\" ><div class=\"fusion-builder-row fusion-row fusion-flex-align-items-flex-start fusion-flex-content-wrap\" style=\"max-width:1260px;margin-left: calc(-5% \/ 2 );margin-right: calc(-5% \/ 2 );\"><div class=\"fusion-layout-column fusion_builder_column fusion-builder-column-0 fusion_builder_column_2_3 2_3 fusion-flex-column\" style=\"--awb-bg-size:cover;--awb-width-large:66.666666666667%;--awb-margin-top-large:0px;--awb-spacing-right-large:3.5625%;--awb-margin-bottom-large:20px;--awb-spacing-left-large:3.5625%;--awb-width-medium:66.666666666667%;--awb-order-medium:0;--awb-spacing-right-medium:3.5625%;--awb-spacing-left-medium:3.5625%;--awb-width-small:100%;--awb-order-small:0;--awb-spacing-right-small:2.375%;--awb-spacing-left-small:2.375%;\"><div class=\"fusion-column-wrapper fusion-column-has-shadow fusion-flex-justify-content-flex-start fusion-content-layout-column\"><div class=\"fusion-text fusion-text-1\"><h1>Minervas\u00e4\u00e4ti\u00f6n Medix-palkinto<\/h1>\n<\/div><div class=\"fusion-text fusion-text-2\"><p>Palkinto my\u00f6nnet\u00e4\u00e4n vuosittain erinomaisesta suomalaisesta tieteellisest\u00e4 tutkimuksesta, joka on julkaistu artikkelina kansainv\u00e4lisess\u00e4 vertaisarvioidussa tieteellisess\u00e4 julkaisussa. Palkittavan artikkelin on oltava biol\u00e4\u00e4ketieteen tai kliinisen l\u00e4\u00e4ketieteen alalta, ja sen on oltava kokonaisuudessaan tai suurimmalta osin Suomessa tehty. Medix-palkinnon m\u00e4\u00e4r\u00e4 on 20 000 euroa. Ensimm\u00e4inen Medix-palkinto my\u00f6nnettiin vuonna 1988.   <\/p>\n<p>Voit ehdottaa Medix-palkinnon saajalle edellisen\u00e4 vuonna julkaistua artikkelia. Ehdotetulla julkaisulla voi olla yksi tai useampi kirjoittaja; j\u00e4lkimm\u00e4isess\u00e4 tapauksessa palkinto jaetaan kirjoittajien kesken. Katsausartikkelit eiv\u00e4t ole tukikelpoisia; useista artikkeleista kootuista v\u00e4it\u00f6skirjoista voidaan palkita vain yksitt\u00e4iset alkuper\u00e4isjulkaisut. My\u00f6s tutkijoiden ehdotukset oman ty\u00f6ns\u00e4 palkitsemiseksi ovat tervetulleita.   <\/p>\n<p>Helsingin yliopiston rehtori tai h\u00e4nen edustajansa luovuttaa palkinnon syksyll\u00e4. Tapahtumapaikka ja -p\u00e4iv\u00e4 ilmoitetaan aikanaan. Palkinnon jakotilaisuudessa voittaja pit\u00e4\u00e4 luennon palkitun artikkelin sis\u00e4ll\u00f6st\u00e4 ja merkityksest\u00e4.  <\/p>\n<p>Palkintoon liittyviss\u00e4 kysymyksiss\u00e4 ota yhteytt\u00e4 osoitteeseen info@minervafoundation.fi.<\/p>\n<\/div><\/div><\/div><div class=\"fusion-layout-column fusion_builder_column fusion-builder-column-1 fusion_builder_column_1_5 1_5 fusion-flex-column\" style=\"--awb-padding-top:50px;--awb-padding-bottom:50px;--awb-bg-size:cover;--awb-width-large:20%;--awb-margin-top-large:0px;--awb-spacing-right-large:11.875%;--awb-margin-bottom-large:20px;--awb-spacing-left-large:11.875%;--awb-width-medium:20%;--awb-order-medium:0;--awb-spacing-right-medium:11.875%;--awb-spacing-left-medium:11.875%;--awb-width-small:100%;--awb-order-small:0;--awb-spacing-right-small:2.375%;--awb-spacing-left-small:2.375%;\" data-scroll-devices=\"small-visibility,medium-visibility,large-visibility\"><div class=\"fusion-column-wrapper fusion-column-has-shadow fusion-flex-justify-content-flex-start fusion-content-layout-column\"><div class=\"fusion-image-element \" style=\"--awb-caption-title-font-family:var(--h2_typography-font-family);--awb-caption-title-font-weight:var(--h2_typography-font-weight);--awb-caption-title-font-style:var(--h2_typography-font-style);--awb-caption-title-size:var(--h2_typography-font-size);--awb-caption-title-transform:var(--h2_typography-text-transform);--awb-caption-title-line-height:var(--h2_typography-line-height);--awb-caption-title-letter-spacing:var(--h2_typography-letter-spacing);\"><span class=\" fusion-imageframe imageframe-none imageframe-1 hover-type-none\"><img decoding=\"async\" width=\"241\" height=\"300\" alt=\"Medix Prize Emblem\" title=\"Medix_Emblem-Green\" src=\"https:\/\/minervafoundation.fi\/wp-content\/uploads\/2025\/10\/Medix_Emblem-Green-1-241x300.png\" class=\"img-responsive wp-image-1393\" srcset=\"https:\/\/minervafoundation.fi\/wp-content\/uploads\/2025\/10\/Medix_Emblem-Green-1-200x249.png 200w, https:\/\/minervafoundation.fi\/wp-content\/uploads\/2025\/10\/Medix_Emblem-Green-1-400x499.png 400w, https:\/\/minervafoundation.fi\/wp-content\/uploads\/2025\/10\/Medix_Emblem-Green-1-600x748.png 600w, https:\/\/minervafoundation.fi\/wp-content\/uploads\/2025\/10\/Medix_Emblem-Green-1-800x998.png 800w, https:\/\/minervafoundation.fi\/wp-content\/uploads\/2025\/10\/Medix_Emblem-Green-1-1200x1497.png 1200w\" sizes=\"(max-width: 640px) 100vw, 200px\" \/><\/span><\/div><\/div><\/div><\/div><\/div><div class=\"fusion-fullwidth fullwidth-box fusion-builder-row-2 fusion-flex-container has-pattern-background has-mask-background nonhundred-percent-fullwidth non-hundred-percent-height-scrolling\" style=\"--awb-border-radius-top-left:0px;--awb-border-radius-top-right:0px;--awb-border-radius-bottom-right:0px;--awb-border-radius-bottom-left:0px;--awb-margin-top:30px;--awb-margin-bottom:30px;--awb-background-color:var(--awb-color1);--awb-flex-wrap:wrap;\" ><div class=\"fusion-builder-row fusion-row fusion-flex-align-items-flex-start fusion-flex-content-wrap\" style=\"max-width:1248px;margin-left: calc(-4% \/ 2 );margin-right: calc(-4% \/ 2 );\"><div class=\"fusion-layout-column fusion_builder_column fusion-builder-column-2 fusion_builder_column_2_3 2_3 fusion-flex-column\" style=\"--awb-padding-top:5%;--awb-padding-right:5%;--awb-padding-bottom:5%;--awb-padding-left:5%;--awb-bg-color:var(--awb-color3);--awb-bg-color-hover:var(--awb-color3);--awb-bg-size:cover;--awb-width-large:66.666666666667%;--awb-margin-top-large:0px;--awb-spacing-right-large:2.88%;--awb-margin-bottom-large:20px;--awb-spacing-left-large:2.88%;--awb-width-medium:66.666666666667%;--awb-order-medium:0;--awb-spacing-right-medium:2.88%;--awb-spacing-left-medium:2.88%;--awb-width-small:100%;--awb-order-small:0;--awb-spacing-right-small:1.92%;--awb-spacing-left-small:1.92%;\" data-scroll-devices=\"small-visibility,medium-visibility,large-visibility\"><div class=\"fusion-column-wrapper fusion-column-has-shadow fusion-flex-justify-content-flex-start fusion-content-layout-column\"><div class=\"fusion-text fusion-text-3\"><h3>Haku<\/h3>\n<p>Hakuaika on 1.4.2026 \u2013 2.5.2026.<\/p>\n<\/div><div ><a class=\"fusion-button button-flat fusion-button-default-size button-default fusion-button-default button-1 fusion-button-default-span fusion-button-default-type\" style=\"--awb-margin-top:10px;\" target=\"_blank\" rel=\"noopener noreferrer\" href=\"https:\/\/minervafoundation.rimbert.fi\/\"><span class=\"fusion-button-text awb-button__text awb-button__text--default\">Minervas\u00e4\u00e4ti\u00f6n hakuj\u00e4rjestelm\u00e4<\/span><\/a><\/div><\/div><\/div><\/div><\/div><div class=\"fusion-fullwidth fullwidth-box fusion-builder-row-3 fusion-flex-container has-pattern-background has-mask-background nonhundred-percent-fullwidth non-hundred-percent-height-scrolling\" style=\"--awb-border-radius-top-left:0px;--awb-border-radius-top-right:0px;--awb-border-radius-bottom-right:0px;--awb-border-radius-bottom-left:0px;--awb-flex-wrap:wrap;\" ><div class=\"fusion-builder-row fusion-row fusion-flex-align-items-flex-start fusion-flex-content-wrap\" style=\"max-width:1248px;margin-left: calc(-4% \/ 2 );margin-right: calc(-4% \/ 2 );\"><div class=\"fusion-layout-column fusion_builder_column fusion-builder-column-3 fusion_builder_column_2_3 2_3 fusion-flex-column\" style=\"--awb-bg-size:cover;--awb-width-large:66.666666666667%;--awb-margin-top-large:0px;--awb-spacing-right-large:2.88%;--awb-margin-bottom-large:20px;--awb-spacing-left-large:2.88%;--awb-width-medium:66.666666666667%;--awb-order-medium:0;--awb-spacing-right-medium:2.88%;--awb-spacing-left-medium:2.88%;--awb-width-small:100%;--awb-order-small:0;--awb-spacing-right-small:1.92%;--awb-spacing-left-small:1.92%;\"><div class=\"fusion-column-wrapper fusion-column-has-shadow fusion-flex-justify-content-flex-start fusion-content-layout-column\"><div class=\"accordian fusion-accordian\" style=\"--awb-border-size:1px;--awb-icon-size:16px;--awb-content-font-size:16px;--awb-icon-alignment:left;--awb-hover-color:var(--awb-color2);--awb-border-color:var(--awb-color3);--awb-background-color:var(--awb-color1);--awb-divider-color:var(--awb-color3);--awb-divider-hover-color:var(--awb-color3);--awb-icon-color:var(--awb-color1);--awb-title-color:var(--awb-color8);--awb-content-color:var(--awb-color8);--awb-icon-box-color:var(--awb-color5);--awb-toggle-hover-accent-color:var(--awb-color5);--awb-title-font-family:&quot;Lato&quot;;--awb-title-font-weight:700;--awb-title-font-style:normal;--awb-title-font-size:18px;--awb-content-font-family:&quot;Lato&quot;;--awb-content-font-style:normal;--awb-content-font-weight:400;\"><div class=\"panel-group fusion-toggle-icon-boxed\" id=\"accordion-530-1\"><div class=\"fusion-panel panel-default panel-a45dd44e849da674a fusion-toggle-has-divider\" style=\"--awb-title-color:var(--awb-color8);--awb-content-color:var(--awb-color8);\"><div class=\"panel-heading\"><h4 class=\"panel-title toggle\" id=\"toggle_a45dd44e849da674a\"><a aria-expanded=\"false\" aria-controls=\"a45dd44e849da674a\" role=\"button\" data-toggle=\"collapse\" data-target=\"#a45dd44e849da674a\" href=\"#a45dd44e849da674a\"><span class=\"fusion-toggle-icon-wrapper\" aria-hidden=\"true\"><i class=\"fa-fusion-box active-icon fa-plus fas\" aria-hidden=\"true\"><\/i><i class=\"fa-fusion-box inactive-icon awb-icon-plus\" aria-hidden=\"true\"><\/i><\/span><span class=\"fusion-toggle-heading\">Minervas\u00e4\u00e4ti\u00f6n Medix-palkinnot 1988 - 2025<\/span><\/a><\/h4><\/div><div id=\"a45dd44e849da674a\" class=\"panel-collapse collapse \" aria-labelledby=\"toggle_a45dd44e849da674a\"><div class=\"panel-body toggle-content fusion-clearfix\">\n<p>2025<br \/>\nMultiparameter imaging reveals clinically relevant cancer cell-stroma interaction dynamics in head<br \/>\nand neck cancer. Punovuori K, Bertillot F, Miroshnikova YA, Binner MI, Myllym\u00e4ki SM, Follain G,<br \/>\nKruse K, Routila J, Huusko T, Pellinen T, Hagstr\u00f6m J, Kedei N, Ventel\u00e4 S, M\u00e4kitie A, Ivaska J,<br \/>\nWickstr\u00f6m SA. <em>Cell<\/em>. 2024 Dec 12;187(25):7267-7284.e20.  <\/p>\n<p>2024<br \/>\nSingle-cell functional genomics reveals determinants of sensitivity and resistance to natural killer<br \/>\ncells in blood cancers. Dufva O, Gandolfi S, Huuhtanen J, Dashevsky O, Du\u00e0n H, Saeed K, Klievink J,<br \/>\nNygren P, Bouhlal J, Lahtela J, N\u00e4\u00e4t\u00e4nen A, Ghimire BR, Hannunen T, Ellonen P, L\u00e4hteenm\u00e4ki H,<br \/>\nRumm P, Theodoropoulos J, Laajala E, H\u00e4rk\u00f6nen J, P\u00f6l\u00f6nen P, Hein\u00e4niemi M, Hollm\u00e9n M, Yamano S,<br \/>\nShirasaki R, Barbie DA, Roth JA, Romee R, Sheffer M, L\u00e4hdesm\u00e4ki H, Lee DA, De Matos Simoes R,<br \/>\nKankainen M, Mitsiades CS, Mustjoki S. <em>Immunity<\/em>. 2023; 56:2816-2835.e13  <\/p>\n<p>2023<br \/>\nFunctional, metabolic and transcriptional maturation of human pancreatic islets derived from<br \/>\nstem cells. Balboa D, Barsby T, Lithovius V, Saarim\u00e4ki-Vire J, Omar-Hmeadi M, Dyachok O,<br \/>\nMontaser H, Lund PE, Yang M, Ibrahim H, N\u00e4\u00e4t\u00e4nen A, Chandra V, Vihinen H, Jokitalo E, Kvist<br \/>\nJ, Ustinov J, Nieminen AI, Kuuluvainen E, Hietakangas V, Katajisto P, Lau J, Carlsson PO, Barg<br \/>\nS, Tengholm A, Otonkoski T. <em>Nat Biotechnol<\/em>. 2022; 40:1042-1055.  <\/p>\n<p>2022<br \/>\nAntidepressant drugs act by directly binding to TRKB neurotrophin receptors. Casarotto PC,<br \/>\nGirych M, Fred SM, Kovaleva V, Moliner R, Enkavi G, Biojone C, Cannarozzo C, Sahu MP,<br \/>\nKaurinkoski K, Brunello CA, Steinzeig A, Winkel F, Patil S, Vestring S, Serchov T, Diniz CRAF,<br \/>\nLaukkanen L, Cardon I, Antila H, Rog T, Piepponen TP, Bramham CR, Normann C, Lauri SE,<br \/>\nSaarma M, Vattulainen I ja Castr\u00e9n E. <em>Cell<\/em>. 2021; 184:1299-1313  <\/p>\n<p>2021<br \/>\nMaternal fecal microbiota transplantation in cesarean-born infants rapidly restores normal gut<br \/>\nmicrobial development: A proof-of-concept study. Korpela K, Helve O, Kolho KL, Saisto T,<br \/>\nSkogberg K, Dikareva E, Stefanovic V, Salonen A, Andersson S, de Vos WM. <em>Cell<\/em>. 2020;<br \/>\n183:324-334.e5.  <\/p>\n<p>2020<br \/>\nNotum produced by Paneth cells attenuates regeneration of aged intestinal epithelium.<br \/>\nPetinmikko N, Iqbal S, Mana M, Andersson S, Cognetta AB 3rd, Suciu RM, Roper J, Luopaj\u00e4rvi<br \/>\nK, Markelin E, Gopalakrishnan S, Smolander OP, Naranjo S, Saarinen T, Juuti A, Pietil\u00e4inen K,<br \/>\nAuvinen P, Ristim\u00e4ki A, Gupta N, Tammela T, Jacks T, Sabatini DM, Cravatt BF, Yilmaz \u00d6H,<br \/>\nKatajisto P. <em>Nature<\/em>. 2019; 571:398-402. <\/p>\n<p>2019 \u2013 Minerva Foundation\u2019s 60th anniversary<br \/>\nBIOMEDICAL BASIC RESEARCH<br \/>\nBiology and clinical implications of the 19q13 aggressive prostate cancer susceptibility locus.<br \/>\nGao P, Xia JH, Sipeky C, Dong XM, Zhang Q, Yang Y, Zhang P, Cruz SP, Zhang K, Zhu J, Lee<br \/>\nHM, Suleman S, Giannareas N, Liu S; PRACTICAL Consortium, Tammela TLJ, Auvinen A,<br \/>\nWang X, Huang Q, Wang L, Manninen A, Vaarala MH, Wang L, Schleutker J, Wei GH. <em>Cell<\/em>.<br \/>\n2018; 174:576-589.e18.<\/p>\n<p>CLINICAL MEDICINE<br \/>\nGenetic basis of severe childhood-onset cardiomyopathies. Vasilescu C, Ojala TH, Brilhante V,<br \/>\nOjanen S, Hinterding HM, Palin E, Alastalo TP, Koskenvuo J, Hiippala A, Jokinen E,<br \/>\nJahnukainen T, Lohi J, Pihkala J, Tyni TA, Carroll CJ, Suomalainen A. <em>J Am Coll Cardiol<\/em>. 2018;<br \/>\n72:2324-2338.  <\/p>\n<p>2018<br \/>\nSHANK proteins limit integrin activation by directly interacting with Rap1 and R-Ras. Lilja J,<br \/>\nZacharchenko T, Georgiadou M, Jacquemet G, De Franceschi N, Peuhu E, Hamidi H, Pouwels<br \/>\nJ, Martens V, Nia FH, Beifuss M, Boeckers T, Kreienkamp HJ, Barsukov IL, Ivaska J. <em>Nat Cell<\/em><br \/>\n<em>Biol<\/em>. 2017; 19:292-305. <\/p>\n<p>2017<br \/>\nFetal liver endothelium regulates the seeding of tissue-resident macrophages. Rantakari P,<br \/>\nJ\u00e4ppinen N, Lokka E, Mokkala E, Gerke H, Peuhu E, Ivaska J, Elima K, Auvinen K, Salmi M.<br \/>\n<em>Nature<\/em>. 2016; 538:392-396. <\/p>\n<p>2016<br \/>\nStem cells. Asymmetric apportioning of aged mitochondria between daughter cells is required<br \/>\nfor stemness. Katajisto P, D\u00f6hla J, Chaffer CL, Pentinmikko N, Marjanovic N, Iqbal S, Zoncu R,<br \/>\nChen W, Weinberg RA, Sabatini DM. <em>Science<\/em>. 2015; 348:340-3.   <\/p>\n<p>2015<br \/>\nA prostate cancer susceptibility allele at 6q22 increases RFX6 expression by modulating<br \/>\nHOXB13 chromatin binding. Huang Q, Whitington T, Gao P, Lindberg JF, Yang Y, Sun J,<br \/>\nV\u00e4is\u00e4nen MR, Szulkin R, Annala M, Yan J, Egevad LA, Zhang K, Lin R, Jolma A, Nykter M,<br \/>\nManninen A, Wiklund F, Vaarala MH, Visakorpi T, Xu J, Taipale J, Wei GH. <em>Nat Genet<\/em>. 2014;<br \/>\n46:126-35.  <\/p>\n<p>2014<br \/>\nLDL cholesterol recycles to the plasma membrane via a Rab8a-Myosin5b-actin-dependent<br \/>\nmembrane transport route. Kanerva K, Uronen RL, Blom T, Li S, Bittman R, Lappalainen P,<br \/>\nPer\u00e4nen J, Raposo G, Ikonen E. <em>Dev Cell<\/em>. 2013; 27:249-62.  <\/p>\n<p>2013<br \/>\nSomatic progenitor cell vulnerability to mitochondrial DNA mutagenesis underlies progeroid<br \/>\nphenotypes in Polg mutator mice. Ahlqvist KJ, H\u00e4m\u00e4l\u00e4inen RH, Yatsuga S, Uutela M, Terzioglu<br \/>\nM, G\u00f6tz A, Forsstr\u00f6m S, Salven P, Angers-Loustau A, Kopra OH, Tyynismaa H, Larsson NG,<br \/>\nWartiovaara K, Prolla T, Trifunovic A, Suomalainen A. <em>Cell Metab<\/em>. 2012; 15:100-9.  <\/p>\n<p>2012<br \/>\nSHARPIN is an endogenous inhibitor of \u03b21-integrin activation. Rantala JK, Pouwels J, Pellinen<br \/>\nT, Veltel S, Laasola P, Mattila E, Potter CS, Duffy T, Sundberg JP, Kallioniemi O, Askari JA,<br \/>\nHumphries MJ, Parsons M, Salmi M, Ivaska J. <em>Nat Cell Biol<\/em>. 2011; 13:1315-24.  <\/p>\n<p>2011<br \/>\nEffective suppression of vascular network formation by combination of antibodies blocking<br \/>\nVEGFR ligand binding and receptor dimerization. Tvorogov D, Anisimov A, Zheng W, Lepp\u00e4nen<br \/>\nVM, Tammela T, Laurinavicius S, Holnthoner W, Heloter\u00e4 H, Holopainen T, Jeltsch M,<br \/>\nKalkkinen N, Lankinen H, Ojala PM, Alitalo K. <em>Cancer Cell<\/em>. 2010; 18:630-40.  <\/p>\n<p>2010<br \/>\nCaveolar transport through nasal epithelium of birch pollen allergen Bet v 1 in allergic patients.<br \/>\nJoenv\u00e4\u00e4r\u00e4 S, Mattila P, Renkonen J, M\u00e4kitie A, Toppila-Salmi S, Lehtonen M, Salmi P, Lehti S,<br \/>\nM\u00e4kinen J, Sormunen R, Paavonen T, Renkonen R. <em>J Allergy Clin Immunol<\/em>. 2009; 124:135-142. <\/p>\n<p>2009<br \/>\nIntegrin trafficking regulated by Rab21 is necessary for cytokinesis. Pellinen T, Tuomi S,<br \/>\nArjonen A, Wolf M, Edgren H, Meyer H, Grosse R, Kitzing T, Rantala JK, Kallioniemi O, F\u00e4ssler<br \/>\nR, Kallio M, Ivaska J. <em>Dev Cell<\/em>. 2008; 15:371-85.  <\/p>\n<p>2008<br \/>\nCIP2A inhibits PP2A in human malignancies. Junttila MR, Puustinen P, Niemel\u00e4 M, Ahola R,<br \/>\nArnold H, B\u00f6ttzauw T, Ala-aho R, Nielsen C, Ivaska J, Taya Y, Lu SL, Lin S, Chan EK, Wang<br \/>\nXJ, Gr\u00e8nman R, Kast J, Kallunki T, Sears R, K\u00e4h\u00e4ri VM, Westermarck J. <em>Cell<\/em>. 2007; 130:51-62.  <\/p>\n<p>2007<br \/>\nGenome-wide prediction of mammalian enhancers based on analysis of transcription-factor<br \/>\nbinding affinity. Hallikas O, Palin K, Sinjushina N, Rautiainen R, Partanen J, Ukkonen E, Taipale<br \/>\nJ. <em>Cell<\/em>. 2006; 124:47-59.  <\/p>\n<p>2006<br \/>\nPDSM, a motif for phosphorylation-dependent SUMO modification. Hietakangas V, Anckar J,<br \/>\nBlomster HA, Fujimoto M, Palvimo JJ, Nakai A, Sistonen L. <em>Proc Natl Acad Sci U S A<\/em>. 2006;<br \/>\n103:45-50. Epub 2005 Dec 21.   <\/p>\n<p>2005<br \/>\nCharacterization of a common susceptibility locus for asthma-related traits. Laitinen T, Polvi A,<br \/>\nRydman P, Vendelin J, Pulkkinen V, Salmikangas P, M\u00e4kel\u00e4 S, Rehn M, Pirskanen A, Rautanen<br \/>\nA, Zucchelli M, Gullst\u00e9n H, Leino M, Alenius H, Pet\u00e4ys T, Haahtela T, Laitinen A, Laprise C,<br \/>\nHudson TJ, Laitinen LA, Kere J. <em>Science<\/em>. 2004; 304:300-4.  <\/p>\n<p>2004<br \/>\nVascular endothelial growth factor C is required for sprouting of the first lymphatic vessels<br \/>\nfrom embryonic veins. Karkkainen MJ, Haiko P, Sainio K, Partanen J, Taipale J, Petrova TV,<br \/>\nJeltsch M, Jackson DG, Talikka M, Rauvala H, Betsholtz C, Alitalo K. <em>Nat Immunol<\/em>. 2004; 5:74-<br \/>\n80. Epub 2003 Nov 23.  <\/p>\n<p>2003<br \/>\nFew FH mutations in sporadic counterparts of tumor types observed in hereditary<br \/>\nleiomyomatosis and renal cell cancer families. Kiuru M, Lehtonen R, Arola J, Salovaara R,<br \/>\nJ\u00e4rvinen H, Aittom\u00e4ki K, Sj\u00f6berg J, Visakorpi T, Knuutila S, Isola J, Delahunt B, Herva R,<br \/>\nLaunonen V, Karhu A, Aaltonen LA. <em>Cancer Res<\/em>. 2002; 62:4554-7.  <\/p>\n<p>2002<br \/>\nPrevention of type 2 diabetes mellitus by changes in lifestyle among subjects with impaired<br \/>\nglucose tolerance. Tuomilehto J, Lindstr\u00f6m J, Eriksson JG, Valle TT, H\u00e4m\u00e4l\u00e4inen H, IlanneParikka P,<br \/>\nKein\u00e4nen-Kiukaanniemi S, Laakso M, Louheranta A, Rastas M, Salminen V,<br \/>\nUusitupa M; Finnish Diabetes Prevention Study Group. <em>N Engl J Med<\/em>. 2001; 344:1343-50.  <\/p>\n<p>2001<br \/>\nPrevention of hip fracture in elderly people with use of a hip protector. Kannus P, Parkkari J,<br \/>\nNiemi S, Pasanen M, Palvanen M, J\u00e4rvinen M, Vuori I. <em>N Engl J Med<\/em>. 2000; 343:1506-13.  <\/p>\n<p>2000<br \/>\nComparison of combination therapy with single-drug therapy in early rheumatoid arthritis: a<br \/>\nrandomised trial. FIN-RACo trial group. M\u00f6tt\u00f6nen T, Hannonen P, Leirisalo-Repo M, Nissil\u00e4 M,<br \/>\nKautiainen H, Korpela M, Laasonen L, Julkunen H, Luukkainen R, Vuori K, Paimela L, Bl\u00e5field<br \/>\nH, Hakala M, Ilva K, Yli-Kerttula U, Puolakka K, J\u00e4rvinen P, Hakola M, Piirainen H, Ahonen J,<br \/>\nP\u00e4lvim\u00e4ki I, Forsberg S, Koota K, Friman C. <em>Lancet<\/em>. 1999; 353:1568-73.   <\/p>\n<p>1999<br \/>\nNanobacteria: an alternative mechanism for pathogenic intra- and extracellular calcification<br \/>\nand stone formation. Kajander EO, Cift\u00e7ioglu N. <em>Proc Natl Acad Sci U S A<\/em>. 1998; 95:8274-9.  <\/p>\n<p>1998<br \/>\nHyperplasia of lymphatic vessels in VEGF-C transgenic mice. Jeltsch M, Kaipainen A, Joukov<br \/>\nV, Meng X, Lakso M, Rauvala H, Swartz M, Fukumura D, Jain RK, Alitalo K. <em>Science<\/em>. 1997;<br \/>\n276:1423-5. Erratum in: <em>Science<\/em> 1997; 277:463.   <\/p>\n<p>1997<br \/>\nICAM-2 redistributed by ezrin as a target for killer cells. Helander TS, Carp\u00e9n O, Turunen O,<br \/>\nKovanen PE, Vaheri A, Timonen T. <em>Nature<\/em>. 1996; 382:265-8.  <\/p>\n<p>1996<br \/>\nCloning of a novel bacteria-binding receptor structurally related to scavenger receptors and<br \/>\nexpressed in a subset of macrophages. Elomaa O, Kangas M, Sahlberg C, Tuukkanen J,<br \/>\nSormunen R, Liakka A, Thesleff I, Kraal G, Tryggvason K. <em>Cell<\/em>. 1995; 80:603-9.  <\/p>\n<p>1995<br \/>\nCrystal structure of catechol O-methyltransferase. Vidgren J, Svensson LA, Liljas A. <em>Nature<\/em>.<br \/>\n1994; 368:354-8. <\/p>\n<p>1994<br \/>\nSomatostatin analog lanreotide inhibits myocyte replication and several growth factors in<br \/>\nallograft arteriosclerosis. H\u00e4yry P, R\u00e4is\u00e4nen A, Ustinov J, Mennander A, Paavonen T. <em>FASEB J<\/em>.<br \/>\n1993; 7:1055-60. <\/p>\n<p>1993<br \/>\nOrnithine decarboxylase activity is critical for cell transformation. Auvinen M, Paasinen A,<br \/>\nAndersson LC, H\u00f6ltt\u00e4 E. <em>Nature<\/em>. 1992; 360:355-8.  <\/p>\n<p>1992<br \/>\nImmunohistochemical demonstration of acetaldehyde-modified epitopes in human liver after<br \/>\nalcohol consumption. Niemel\u00e4 O, Juvonen T, Parkkila S. <em>J Clin Invest<\/em>. 1991 Apr;87(4):1367-74.  <\/p>\n<p>1991<br \/>\nBursectomy of chicken embryos at 60 hours of incubation leads to an oligoclonal B cell<br \/>\ncompartment and restricted Ig diversity. Mansikka A, Jalkanen S, Sandberg M, Granfors K,<br \/>\nLassila O, Toivanen P. <em>J Immunol<\/em>. 1990; 145:3601-9.  <\/p>\n<p>1990<br \/>\nA chimeric EGF-R-neu proto-oncogene allows EGF to regulate neu tyrosine kinase and cell<br \/>\ntransformation. Lehv\u00e4slaiho H, Lehtola L, Sistonen L, Alitalo K. <em>EMBO J<\/em>. 1989; 8:159-66.  <\/p>\n<p>1989<br \/>\nA new method for random mutagenesis of complete genes: enzymatic generation of mutant<br \/>\nlibraries in vitro. Lehtovaara PM, Koivula AK, Bamford J, Knowles JK. <em>Protein Eng<\/em>. 1988; 2:63-<br \/>\n8.  <\/p>\n<p>1988<br \/>\nStimulation of mast cells leads to cholesterol accumulation in macrophages in vitro by a mast<br \/>\ncell granule-mediated uptake of low density lipoprotein. Kokkonen JO, Kovanen PT.  <em>Proc Natl<\/em><br \/>\n<em>Acad Sci U S A<\/em>. 1987; 84:2287-91. <\/p>\n<\/div><\/div><\/div><\/div><\/div><\/div><\/div><\/div><\/div><\/p>\n","protected":false},"excerpt":{"rendered":"","protected":false},"author":1,"featured_media":0,"parent":517,"menu_order":0,"comment_status":"closed","ping_status":"closed","template":"100-width.php","meta":{"footnotes":""},"class_list":["post-530","page","type-page","status-publish","hentry"],"_links":{"self":[{"href":"https:\/\/minervafoundation.fi\/fi\/wp-json\/wp\/v2\/pages\/530","targetHints":{"allow":["GET"]}}],"collection":[{"href":"https:\/\/minervafoundation.fi\/fi\/wp-json\/wp\/v2\/pages"}],"about":[{"href":"https:\/\/minervafoundation.fi\/fi\/wp-json\/wp\/v2\/types\/page"}],"author":[{"embeddable":true,"href":"https:\/\/minervafoundation.fi\/fi\/wp-json\/wp\/v2\/users\/1"}],"replies":[{"embeddable":true,"href":"https:\/\/minervafoundation.fi\/fi\/wp-json\/wp\/v2\/comments?post=530"}],"version-history":[{"count":41,"href":"https:\/\/minervafoundation.fi\/fi\/wp-json\/wp\/v2\/pages\/530\/revisions"}],"predecessor-version":[{"id":1546,"href":"https:\/\/minervafoundation.fi\/fi\/wp-json\/wp\/v2\/pages\/530\/revisions\/1546"}],"up":[{"embeddable":true,"href":"https:\/\/minervafoundation.fi\/fi\/wp-json\/wp\/v2\/pages\/517"}],"wp:attachment":[{"href":"https:\/\/minervafoundation.fi\/fi\/wp-json\/wp\/v2\/media?parent=530"}],"curies":[{"name":"wp","href":"https:\/\/api.w.org\/{rel}","templated":true}]}}