{"id":517,"date":"2023-12-21T08:11:53","date_gmt":"2023-12-21T08:11:53","guid":{"rendered":"https:\/\/dev.minervafoundation.fi\/palkinnot-ja-apurahat\/"},"modified":"2025-11-07T17:46:37","modified_gmt":"2025-11-07T17:46:37","slug":"palkinnot-ja-apurahat","status":"publish","type":"page","link":"https:\/\/minervafoundation.fi\/fi\/palkinnot-ja-apurahat\/","title":{"rendered":"Palkinnot ja apurahat"},"content":{"rendered":"<p><div class=\"fusion-fullwidth fullwidth-box fusion-builder-row-1 fusion-flex-container has-pattern-background has-mask-background nonhundred-percent-fullwidth non-hundred-percent-height-scrolling\" style=\"--awb-border-radius-top-left:0px;--awb-border-radius-top-right:0px;--awb-border-radius-bottom-right:0px;--awb-border-radius-bottom-left:0px;--awb-flex-wrap:wrap;\" ><div class=\"fusion-builder-row fusion-row fusion-flex-align-items-flex-start fusion-flex-content-wrap\" style=\"max-width:1248px;margin-left: calc(-4% \/ 2 );margin-right: calc(-4% \/ 2 );\"><div class=\"fusion-layout-column fusion_builder_column fusion-builder-column-0 fusion_builder_column_1_1 1_1 fusion-flex-column\" style=\"--awb-bg-size:cover;--awb-width-large:100%;--awb-margin-top-large:0px;--awb-spacing-right-large:1.92%;--awb-margin-bottom-large:20px;--awb-spacing-left-large:1.92%;--awb-width-medium:100%;--awb-order-medium:0;--awb-spacing-right-medium:1.92%;--awb-spacing-left-medium:1.92%;--awb-width-small:100%;--awb-order-small:0;--awb-spacing-right-small:1.92%;--awb-spacing-left-small:1.92%;\"><div class=\"fusion-column-wrapper fusion-column-has-shadow fusion-flex-justify-content-flex-start fusion-content-layout-column\"><div class=\"fusion-text fusion-text-1\"><h1>Palkinnot ja apurahat<\/h1>\n<\/div><div class=\"fusion-text fusion-text-2\"><p>Minervas\u00e4\u00e4ti\u00f6 tukee l\u00e4\u00e4ketieteellist\u00e4 tutkimusta Suomessa my\u00f6nt\u00e4m\u00e4ll\u00e4 vuosittain tutkimusapurahoja ja palkitsemalla huipputason tutkimusta.<\/p>\n<p>Avustushakemukset ja palkintoehdotukset on toimitettava s\u00e4hk\u00f6isen hakuj\u00e4rjestelm\u00e4n kautta hakuaikana. Tiedot Minerva-s\u00e4\u00e4ti\u00f6n my\u00f6nt\u00e4mist\u00e4 palkinnoista ja apurahoista sek\u00e4 niiden hakuajoista on lueteltu alla.<\/p>\n<p>Apurahoihin ja palkintoihin liittyviss\u00e4 kysymyksiss\u00e4 ota yhteytt\u00e4 info@minervafoundation.fi.<\/p>\n<\/div><\/div><\/div><\/div><\/div><div class=\"fusion-fullwidth fullwidth-box fusion-builder-row-2 fusion-flex-container has-pattern-background has-mask-background nonhundred-percent-fullwidth non-hundred-percent-height-scrolling\" style=\"--awb-border-radius-top-left:0px;--awb-border-radius-top-right:0px;--awb-border-radius-bottom-right:0px;--awb-border-radius-bottom-left:0px;--awb-flex-wrap:wrap;\" ><div class=\"fusion-builder-row fusion-row fusion-flex-align-items-stretch fusion-flex-justify-content-space-evenly fusion-flex-content-wrap\" style=\"max-width:1248px;margin-left: calc(-4% \/ 2 );margin-right: calc(-4% \/ 2 );\"><div class=\"fusion-layout-column fusion_builder_column fusion-builder-column-1 fusion_builder_column_1_2 1_2 fusion-flex-column\" style=\"--awb-padding-top:10%;--awb-padding-right:10%;--awb-padding-bottom:10%;--awb-padding-left:10%;--awb-bg-color:var(--awb-color3);--awb-bg-color-hover:var(--awb-color3);--awb-bg-size:cover;--awb-width-large:50%;--awb-margin-top-large:0px;--awb-spacing-right-large:3.84%;--awb-margin-bottom-large:20px;--awb-spacing-left-large:3.84%;--awb-width-medium:50%;--awb-order-medium:0;--awb-spacing-right-medium:3.84%;--awb-spacing-left-medium:3.84%;--awb-width-small:100%;--awb-order-small:0;--awb-spacing-right-small:1.92%;--awb-spacing-left-small:1.92%;\" data-scroll-devices=\"small-visibility,medium-visibility,large-visibility\"><div class=\"fusion-column-wrapper fusion-column-has-shadow fusion-flex-justify-content-flex-start fusion-content-layout-column\"><div class=\"fusion-builder-row fusion-builder-row-inner fusion-row fusion-flex-align-items-stretch fusion-flex-justify-content-space-evenly fusion-flex-content-wrap\" style=\"width:104% !important;max-width:104% !important;margin-left: calc(-4% \/ 2 );margin-right: calc(-4% \/ 2 );\"><div class=\"fusion-layout-column fusion_builder_column_inner fusion-builder-nested-column-0 fusion_builder_column_inner_1_4 1_4 fusion-flex-column\" style=\"--awb-padding-right:0px;--awb-padding-left:0px;--awb-bg-size:cover;--awb-width-large:25%;--awb-margin-top-large:0px;--awb-spacing-right-large:7.68%;--awb-margin-bottom-large:20px;--awb-spacing-left-large:7.68%;--awb-width-medium:100%;--awb-order-medium:0;--awb-spacing-right-medium:1.92%;--awb-spacing-left-medium:1.92%;--awb-width-small:100%;--awb-order-small:0;--awb-spacing-right-small:1.92%;--awb-spacing-left-small:1.92%;\" data-scroll-devices=\"small-visibility,medium-visibility,large-visibility\"><div class=\"fusion-column-wrapper fusion-column-has-shadow fusion-flex-justify-content-flex-end fusion-content-layout-column\"><div class=\"fusion-image-element \" style=\"--awb-margin-right:0px;--awb-margin-left:0px;--awb-max-width:100px;--awb-caption-title-font-family:var(--h2_typography-font-family);--awb-caption-title-font-weight:var(--h2_typography-font-weight);--awb-caption-title-font-style:var(--h2_typography-font-style);--awb-caption-title-size:var(--h2_typography-font-size);--awb-caption-title-transform:var(--h2_typography-text-transform);--awb-caption-title-line-height:var(--h2_typography-line-height);--awb-caption-title-letter-spacing:var(--h2_typography-letter-spacing);\"><span class=\" fusion-imageframe imageframe-none imageframe-1 hover-type-none\"><img decoding=\"async\" width=\"241\" height=\"300\" alt=\"Medix Prize Emblem\" title=\"Medix_Emblem-Green\" src=\"https:\/\/minervafoundation.fi\/wp-content\/uploads\/2025\/10\/Medix_Emblem-Green-1-241x300.png\" class=\"img-responsive wp-image-1393\" srcset=\"https:\/\/minervafoundation.fi\/wp-content\/uploads\/2025\/10\/Medix_Emblem-Green-1-200x249.png 200w, https:\/\/minervafoundation.fi\/wp-content\/uploads\/2025\/10\/Medix_Emblem-Green-1-400x499.png 400w, https:\/\/minervafoundation.fi\/wp-content\/uploads\/2025\/10\/Medix_Emblem-Green-1-600x748.png 600w, https:\/\/minervafoundation.fi\/wp-content\/uploads\/2025\/10\/Medix_Emblem-Green-1-800x998.png 800w, https:\/\/minervafoundation.fi\/wp-content\/uploads\/2025\/10\/Medix_Emblem-Green-1-1200x1497.png 1200w\" sizes=\"(max-width: 640px) 100vw, 400px\" \/><\/span><\/div><\/div><\/div><div class=\"fusion-layout-column fusion_builder_column_inner fusion-builder-nested-column-1 fusion_builder_column_inner_3_4 3_4 fusion-flex-column\" style=\"--awb-bg-size:cover;--awb-width-large:75%;--awb-margin-top-large:0px;--awb-spacing-right-large:2.56%;--awb-margin-bottom-large:0px;--awb-spacing-left-large:2.56%;--awb-width-medium:100%;--awb-order-medium:0;--awb-spacing-right-medium:1.92%;--awb-spacing-left-medium:1.92%;--awb-width-small:100%;--awb-order-small:0;--awb-spacing-right-small:1.92%;--awb-spacing-left-small:1.92%;\" data-scroll-devices=\"small-visibility,medium-visibility,large-visibility\"><div class=\"fusion-column-wrapper fusion-column-has-shadow fusion-flex-justify-content-flex-end fusion-content-layout-column\"><div class=\"fusion-text fusion-text-3 fusion-text-no-margin\"><h3>Minervas\u00e4\u00e4ti\u00f6n Medix-palkinto<\/h3>\n<\/div><\/div><\/div><\/div><div class=\"fusion-text fusion-text-4\"><p>Palkinto my\u00f6nnet\u00e4\u00e4n vuosittain erinomaisesta suomalaisesta tieteellisest\u00e4 tutkimuksesta, joka on julkaistu artikkelina kansainv\u00e4lisess\u00e4 vertaisarvioidussa tieteellisess\u00e4 julkaisussa.<\/p>\n<\/div><div ><a class=\"fusion-button button-flat fusion-button-default-size button-custom fusion-button-default button-1 fusion-button-default-span fusion-button-default-type\" style=\"--button_accent_color:var(--awb-color1);--button_accent_hover_color:var(--awb-color1);--button_border_hover_color:var(--awb-color1);--button_gradient_top_color:#b1514e;--button_gradient_bottom_color:#b1514e;--button_gradient_top_color_hover:#c6706d;--button_gradient_bottom_color_hover:#c6706d;\" target=\"_self\" href=\"https:\/\/minervafoundation.fi\/fi\/palkinnot-ja-apurahat\/minervasaation-medix-palkinto\/\"><i class=\"fa-arrow-right fas awb-button__icon awb-button__icon--default button-icon-left\" aria-hidden=\"true\"><\/i><span class=\"fusion-button-text awb-button__text awb-button__text--default\">Lue lis\u00e4\u00e4<\/span><\/a><\/div><\/div><\/div><div class=\"fusion-layout-column fusion_builder_column fusion-builder-column-2 fusion_builder_column_1_2 1_2 fusion-flex-column\" style=\"--awb-padding-top:10%;--awb-padding-right:10%;--awb-padding-bottom:10%;--awb-padding-left:10%;--awb-bg-color:var(--awb-color3);--awb-bg-color-hover:var(--awb-color3);--awb-bg-size:cover;--awb-width-large:50%;--awb-margin-top-large:0px;--awb-spacing-right-large:3.84%;--awb-margin-bottom-large:20px;--awb-spacing-left-large:3.84%;--awb-width-medium:50%;--awb-order-medium:0;--awb-spacing-right-medium:3.84%;--awb-spacing-left-medium:3.84%;--awb-width-small:100%;--awb-order-small:0;--awb-spacing-right-small:1.92%;--awb-spacing-left-small:1.92%;\" data-scroll-devices=\"small-visibility,medium-visibility,large-visibility\"><div class=\"fusion-column-wrapper fusion-column-has-shadow fusion-flex-justify-content-flex-start fusion-content-layout-column\"><div class=\"fusion-builder-row fusion-builder-row-inner fusion-row fusion-flex-align-items-stretch fusion-flex-justify-content-space-evenly fusion-flex-content-wrap\" style=\"width:104% !important;max-width:104% !important;margin-left: calc(-4% \/ 2 );margin-right: calc(-4% \/ 2 );\"><div class=\"fusion-layout-column fusion_builder_column_inner fusion-builder-nested-column-2 fusion_builder_column_inner_1_4 1_4 fusion-flex-column\" style=\"--awb-padding-right:0px;--awb-padding-left:0px;--awb-bg-size:cover;--awb-width-large:25%;--awb-margin-top-large:0px;--awb-spacing-right-large:7.68%;--awb-margin-bottom-large:20px;--awb-spacing-left-large:7.68%;--awb-width-medium:100%;--awb-order-medium:0;--awb-spacing-right-medium:1.92%;--awb-spacing-left-medium:1.92%;--awb-width-small:100%;--awb-order-small:0;--awb-spacing-right-small:1.92%;--awb-spacing-left-small:1.92%;\" data-scroll-devices=\"small-visibility,medium-visibility,large-visibility\"><div class=\"fusion-column-wrapper fusion-column-has-shadow fusion-flex-justify-content-flex-end fusion-content-layout-column\"><div class=\"fusion-image-element \" style=\"--awb-margin-right:0px;--awb-margin-left:0px;--awb-max-width:100px;--awb-caption-title-font-family:var(--h2_typography-font-family);--awb-caption-title-font-weight:var(--h2_typography-font-weight);--awb-caption-title-font-style:var(--h2_typography-font-style);--awb-caption-title-size:var(--h2_typography-font-size);--awb-caption-title-transform:var(--h2_typography-text-transform);--awb-caption-title-line-height:var(--h2_typography-line-height);--awb-caption-title-letter-spacing:var(--h2_typography-letter-spacing);\"><span class=\" fusion-imageframe imageframe-none imageframe-2 hover-type-none\"><img decoding=\"async\" width=\"300\" height=\"300\" alt=\"Gr\u00e4sbeck Emblem \" title=\"Grasbeck_Emblem-Green\" src=\"https:\/\/minervafoundation.fi\/wp-content\/uploads\/2025\/10\/Grasbeck_Emblem-Green-300x300.png\" class=\"img-responsive wp-image-1404\" srcset=\"https:\/\/minervafoundation.fi\/wp-content\/uploads\/2025\/10\/Grasbeck_Emblem-Green-200x200.png 200w, https:\/\/minervafoundation.fi\/wp-content\/uploads\/2025\/10\/Grasbeck_Emblem-Green-400x400.png 400w, https:\/\/minervafoundation.fi\/wp-content\/uploads\/2025\/10\/Grasbeck_Emblem-Green-600x600.png 600w, https:\/\/minervafoundation.fi\/wp-content\/uploads\/2025\/10\/Grasbeck_Emblem-Green-800x800.png 800w, https:\/\/minervafoundation.fi\/wp-content\/uploads\/2025\/10\/Grasbeck_Emblem-Green-1200x1200.png 1200w\" sizes=\"(max-width: 640px) 100vw, 400px\" \/><\/span><\/div><\/div><\/div><div class=\"fusion-layout-column fusion_builder_column_inner fusion-builder-nested-column-3 fusion_builder_column_inner_3_4 3_4 fusion-flex-column\" style=\"--awb-bg-size:cover;--awb-width-large:75%;--awb-margin-top-large:0px;--awb-spacing-right-large:2.56%;--awb-margin-bottom-large:0px;--awb-spacing-left-large:2.56%;--awb-width-medium:100%;--awb-order-medium:0;--awb-spacing-right-medium:1.92%;--awb-spacing-left-medium:1.92%;--awb-width-small:100%;--awb-order-small:0;--awb-spacing-right-small:1.92%;--awb-spacing-left-small:1.92%;\" data-scroll-devices=\"small-visibility,medium-visibility,large-visibility\"><div class=\"fusion-column-wrapper fusion-column-has-shadow fusion-flex-justify-content-flex-end fusion-content-layout-column\"><div class=\"fusion-text fusion-text-5 fusion-text-no-margin\"><h3>Laboratoriol\u00e4\u00e4ketieteen Ralph Gr\u00e4sbeck -stipendi<\/h3>\n<\/div><\/div><\/div><\/div><div class=\"fusion-text fusion-text-6\"><p>Ralph Gr\u00e4sbeck -stipendi my\u00f6nnet\u00e4\u00e4n joka toinen vuosi tutkijalle, joka on v\u00e4itellyt tohtoriksi laboratoriol\u00e4\u00e4ketieteen alalta viimeisten seitsem\u00e4n vuoden aikana sek\u00e4 jatkanut innovatiivista ja laadukasta tutkimusta samalla alalla.<\/p>\n<\/div><div ><a class=\"fusion-button button-flat fusion-button-default-size button-custom fusion-button-default button-2 fusion-button-default-span fusion-button-default-type\" style=\"--button_accent_color:var(--awb-color1);--button_accent_hover_color:var(--awb-color1);--button_border_hover_color:var(--awb-color1);--button_gradient_top_color:#b1514e;--button_gradient_bottom_color:#b1514e;--button_gradient_top_color_hover:#c6706d;--button_gradient_bottom_color_hover:#c6706d;\" target=\"_self\" href=\"https:\/\/minervafoundation.fi\/fi\/palkinnot-ja-apurahat\/laboratoriolaaketieteen-ralph-grasbeck-stipendi\/\"><i class=\"fa-arrow-right fas awb-button__icon awb-button__icon--default button-icon-left\" aria-hidden=\"true\"><\/i><span class=\"fusion-button-text awb-button__text awb-button__text--default\">Lue lis\u00e4\u00e4<\/span><\/a><\/div><\/div><\/div><\/div><\/div><div class=\"fusion-fullwidth fullwidth-box fusion-builder-row-3 fusion-flex-container has-pattern-background has-mask-background nonhundred-percent-fullwidth non-hundred-percent-height-scrolling\" style=\"--awb-border-radius-top-left:0px;--awb-border-radius-top-right:0px;--awb-border-radius-bottom-right:0px;--awb-border-radius-bottom-left:0px;--awb-margin-top:25px;--awb-flex-wrap:wrap;\" ><div class=\"fusion-builder-row fusion-row fusion-flex-align-items-stretch fusion-flex-justify-content-space-evenly fusion-flex-content-wrap\" style=\"max-width:1248px;margin-left: calc(-4% \/ 2 );margin-right: calc(-4% \/ 2 );\"><div class=\"fusion-layout-column fusion_builder_column fusion-builder-column-3 fusion_builder_column_1_2 1_2 fusion-flex-column\" style=\"--awb-padding-top:10%;--awb-padding-right:10%;--awb-padding-bottom:10%;--awb-padding-left:10%;--awb-bg-color:var(--awb-color3);--awb-bg-color-hover:var(--awb-color3);--awb-bg-size:cover;--awb-width-large:50%;--awb-margin-top-large:0px;--awb-spacing-right-large:3.84%;--awb-margin-bottom-large:20px;--awb-spacing-left-large:3.84%;--awb-width-medium:50%;--awb-order-medium:0;--awb-spacing-right-medium:3.84%;--awb-spacing-left-medium:3.84%;--awb-width-small:100%;--awb-order-small:0;--awb-spacing-right-small:1.92%;--awb-spacing-left-small:1.92%;\" data-scroll-devices=\"small-visibility,medium-visibility,large-visibility\"><div class=\"fusion-column-wrapper fusion-column-has-shadow fusion-flex-justify-content-flex-start fusion-content-layout-column\"><div class=\"fusion-builder-row fusion-builder-row-inner fusion-row fusion-flex-align-items-stretch fusion-flex-justify-content-space-evenly fusion-flex-content-wrap\" style=\"width:104% !important;max-width:104% !important;margin-left: calc(-4% \/ 2 );margin-right: calc(-4% \/ 2 );\"><div class=\"fusion-layout-column fusion_builder_column_inner fusion-builder-nested-column-4 fusion_builder_column_inner_1_4 1_4 fusion-flex-column\" style=\"--awb-padding-right:0px;--awb-padding-left:0px;--awb-bg-size:cover;--awb-width-large:25%;--awb-margin-top-large:0px;--awb-spacing-right-large:7.68%;--awb-margin-bottom-large:20px;--awb-spacing-left-large:7.68%;--awb-width-medium:100%;--awb-order-medium:0;--awb-spacing-right-medium:1.92%;--awb-spacing-left-medium:1.92%;--awb-width-small:100%;--awb-order-small:0;--awb-spacing-right-small:1.92%;--awb-spacing-left-small:1.92%;\" data-scroll-devices=\"small-visibility,medium-visibility,large-visibility\"><div class=\"fusion-column-wrapper fusion-column-has-shadow fusion-flex-justify-content-flex-end fusion-content-layout-column\"><div class=\"fusion-image-element \" style=\"--awb-margin-right:0px;--awb-margin-left:0px;--awb-max-width:100px;--awb-caption-title-font-family:var(--h2_typography-font-family);--awb-caption-title-font-weight:var(--h2_typography-font-weight);--awb-caption-title-font-style:var(--h2_typography-font-style);--awb-caption-title-size:var(--h2_typography-font-size);--awb-caption-title-transform:var(--h2_typography-text-transform);--awb-caption-title-line-height:var(--h2_typography-line-height);--awb-caption-title-letter-spacing:var(--h2_typography-letter-spacing);\"><span class=\" fusion-imageframe imageframe-none imageframe-3 hover-type-none\"><img decoding=\"async\" width=\"300\" height=\"300\" alt=\"Selma and Maja-Lisa Selander\u2019s Fund_Emblem\" title=\"Selma_Emblem-Green\" src=\"https:\/\/minervafoundation.fi\/wp-content\/uploads\/2025\/10\/Selma_Emblem-Green-300x300.png\" class=\"img-responsive wp-image-1401\" srcset=\"https:\/\/minervafoundation.fi\/wp-content\/uploads\/2025\/10\/Selma_Emblem-Green-200x200.png 200w, https:\/\/minervafoundation.fi\/wp-content\/uploads\/2025\/10\/Selma_Emblem-Green-400x400.png 400w, https:\/\/minervafoundation.fi\/wp-content\/uploads\/2025\/10\/Selma_Emblem-Green-600x600.png 600w, https:\/\/minervafoundation.fi\/wp-content\/uploads\/2025\/10\/Selma_Emblem-Green-800x800.png 800w, https:\/\/minervafoundation.fi\/wp-content\/uploads\/2025\/10\/Selma_Emblem-Green-1200x1200.png 1200w\" sizes=\"(max-width: 640px) 100vw, 400px\" \/><\/span><\/div><\/div><\/div><div class=\"fusion-layout-column fusion_builder_column_inner fusion-builder-nested-column-5 fusion_builder_column_inner_3_4 3_4 fusion-flex-column\" style=\"--awb-bg-size:cover;--awb-width-large:75%;--awb-margin-top-large:0px;--awb-spacing-right-large:2.56%;--awb-margin-bottom-large:0px;--awb-spacing-left-large:2.56%;--awb-width-medium:100%;--awb-order-medium:0;--awb-spacing-right-medium:1.92%;--awb-spacing-left-medium:1.92%;--awb-width-small:100%;--awb-order-small:0;--awb-spacing-right-small:1.92%;--awb-spacing-left-small:1.92%;\" data-scroll-devices=\"small-visibility,medium-visibility,large-visibility\"><div class=\"fusion-column-wrapper fusion-column-has-shadow fusion-flex-justify-content-flex-end fusion-content-layout-column\"><div class=\"fusion-text fusion-text-7 fusion-text-no-margin\"><h3>Selma ja Maja-Lisa Selanderin rahaston apurahat hammasl\u00e4\u00e4ketieteen tutkimukseen<\/h3>\n<\/div><\/div><\/div><\/div><div class=\"fusion-text fusion-text-8\"><p>Selma ja Maja-Lisa Selanderin rahastosta my\u00f6nnet\u00e4\u00e4n vuosittain 15-25 apurahaa hammasl\u00e4\u00e4ketieteelliseen tutkimukseen. Apurahaa voivat hakea yksityishenkil\u00f6t ja ty\u00f6ryhm\u00e4t.<\/p>\n<\/div><div ><a class=\"fusion-button button-flat fusion-button-default-size button-custom fusion-button-default button-3 fusion-button-default-span fusion-button-default-type\" style=\"--button_accent_color:var(--awb-color1);--button_accent_hover_color:var(--awb-color1);--button_border_hover_color:var(--awb-color1);--button_gradient_top_color:#b1514e;--button_gradient_bottom_color:#b1514e;--button_gradient_top_color_hover:#c6706d;--button_gradient_bottom_color_hover:#c6706d;\" target=\"_self\" href=\"https:\/\/minervafoundation.fi\/fi\/palkinnot-ja-apurahat\/selma-ja-maja-lisa-selanderin-rahaston-apurahat-hammaslaaketieteen-tutkimukseen\/\"><i class=\"fa-arrow-right fas awb-button__icon awb-button__icon--default button-icon-left\" aria-hidden=\"true\"><\/i><span class=\"fusion-button-text awb-button__text awb-button__text--default\">Lue lis\u00e4\u00e4<\/span><\/a><\/div><\/div><\/div><div class=\"fusion-layout-column fusion_builder_column fusion-builder-column-4 fusion_builder_column_1_2 1_2 fusion-flex-column\" style=\"--awb-padding-top:10%;--awb-padding-right:10%;--awb-padding-bottom:10%;--awb-padding-left:10%;--awb-bg-color:var(--awb-color3);--awb-bg-color-hover:var(--awb-color3);--awb-bg-size:cover;--awb-width-large:50%;--awb-margin-top-large:0px;--awb-spacing-right-large:3.84%;--awb-margin-bottom-large:20px;--awb-spacing-left-large:3.84%;--awb-width-medium:50%;--awb-order-medium:0;--awb-spacing-right-medium:3.84%;--awb-spacing-left-medium:3.84%;--awb-width-small:100%;--awb-order-small:0;--awb-spacing-right-small:1.92%;--awb-spacing-left-small:1.92%;\" data-scroll-devices=\"small-visibility,medium-visibility,large-visibility\"><div class=\"fusion-column-wrapper fusion-column-has-shadow fusion-flex-justify-content-flex-start fusion-content-layout-column\"><div class=\"fusion-builder-row fusion-builder-row-inner fusion-row fusion-flex-align-items-stretch fusion-flex-justify-content-space-evenly fusion-flex-content-wrap\" style=\"width:104% !important;max-width:104% !important;margin-left: calc(-4% \/ 2 );margin-right: calc(-4% \/ 2 );\"><div class=\"fusion-layout-column fusion_builder_column_inner fusion-builder-nested-column-6 fusion_builder_column_inner_1_4 1_4 fusion-flex-column\" style=\"--awb-padding-right:0px;--awb-padding-left:0px;--awb-bg-size:cover;--awb-width-large:25%;--awb-margin-top-large:0px;--awb-spacing-right-large:7.68%;--awb-margin-bottom-large:20px;--awb-spacing-left-large:7.68%;--awb-width-medium:100%;--awb-order-medium:0;--awb-spacing-right-medium:1.92%;--awb-spacing-left-medium:1.92%;--awb-width-small:100%;--awb-order-small:0;--awb-spacing-right-small:1.92%;--awb-spacing-left-small:1.92%;\" data-scroll-devices=\"small-visibility,medium-visibility,large-visibility\"><div class=\"fusion-column-wrapper fusion-column-has-shadow fusion-flex-justify-content-flex-end fusion-content-layout-column\"><div class=\"fusion-image-element \" style=\"--awb-margin-right:0px;--awb-margin-left:0px;--awb-max-width:100px;--awb-caption-title-font-family:var(--h2_typography-font-family);--awb-caption-title-font-weight:var(--h2_typography-font-weight);--awb-caption-title-font-style:var(--h2_typography-font-style);--awb-caption-title-size:var(--h2_typography-font-size);--awb-caption-title-transform:var(--h2_typography-text-transform);--awb-caption-title-line-height:var(--h2_typography-line-height);--awb-caption-title-letter-spacing:var(--h2_typography-letter-spacing);\"><span class=\" fusion-imageframe imageframe-none imageframe-4 hover-type-none\"><img decoding=\"async\" width=\"223\" height=\"300\" title=\"Lamberg_Emblem-Green\" src=\"https:\/\/minervafoundation.fi\/wp-content\/uploads\/2025\/10\/Lamberg_Emblem-Green-223x300.png\" alt class=\"img-responsive wp-image-1398\" srcset=\"https:\/\/minervafoundation.fi\/wp-content\/uploads\/2025\/10\/Lamberg_Emblem-Green-200x269.png 200w, https:\/\/minervafoundation.fi\/wp-content\/uploads\/2025\/10\/Lamberg_Emblem-Green-400x537.png 400w, https:\/\/minervafoundation.fi\/wp-content\/uploads\/2025\/10\/Lamberg_Emblem-Green-600x806.png 600w, https:\/\/minervafoundation.fi\/wp-content\/uploads\/2025\/10\/Lamberg_Emblem-Green-800x1075.png 800w, https:\/\/minervafoundation.fi\/wp-content\/uploads\/2025\/10\/Lamberg_Emblem-Green-1200x1612.png 1200w, https:\/\/minervafoundation.fi\/wp-content\/uploads\/2025\/10\/Lamberg_Emblem-Green-scaled.png 1905w\" sizes=\"(max-width: 640px) 100vw, 400px\" \/><\/span><\/div><\/div><\/div><div class=\"fusion-layout-column fusion_builder_column_inner fusion-builder-nested-column-7 fusion_builder_column_inner_3_4 3_4 fusion-flex-column\" style=\"--awb-bg-size:cover;--awb-width-large:75%;--awb-margin-top-large:0px;--awb-spacing-right-large:2.56%;--awb-margin-bottom-large:0px;--awb-spacing-left-large:2.56%;--awb-width-medium:100%;--awb-order-medium:0;--awb-spacing-right-medium:1.92%;--awb-spacing-left-medium:1.92%;--awb-width-small:100%;--awb-order-small:0;--awb-spacing-right-small:1.92%;--awb-spacing-left-small:1.92%;\" data-scroll-devices=\"small-visibility,medium-visibility,large-visibility\"><div class=\"fusion-column-wrapper fusion-column-has-shadow fusion-flex-justify-content-flex-end fusion-content-layout-column\"><div class=\"fusion-text fusion-text-9 fusion-text-no-margin\"><h3>Minervas\u00e4\u00e4ti\u00f6n endokrinologian Bror-Axel Lamberg -palkinto<\/h3>\n<\/div><\/div><\/div><\/div><div class=\"fusion-text fusion-text-10\"><p>Minervas\u00e4\u00e4ti\u00f6n endokrinologian Bror-Axel Lamberg -palkinto my\u00f6nnet\u00e4\u00e4n joka toinen vuosi ansiokkaalle suomalaiselle tai pohjoismaalaiselle endokrinologian alan tutkijalle. Palkinto julkistetaan Suomen Endokrinologiyhdistyksen vuosikokouksessa, ja se on suuruudeltaan 10 000 euroa.<\/p>\n<\/div><div ><a class=\"fusion-button button-flat fusion-button-default-size button-custom fusion-button-default button-4 fusion-button-default-span fusion-button-default-type\" style=\"--button_accent_color:var(--awb-color1);--button_accent_hover_color:var(--awb-color1);--button_border_hover_color:var(--awb-color1);--button_gradient_top_color:#b1514e;--button_gradient_bottom_color:#b1514e;--button_gradient_top_color_hover:#c6706d;--button_gradient_bottom_color_hover:#c6706d;\" target=\"_self\" href=\"https:\/\/minervafoundation.fi\/fi\/palkinnot-ja-apurahat\/minervasaation-endokrinologian-bror-axel-lamberg-palkinto\/\"><i class=\"fa-arrow-right fas awb-button__icon awb-button__icon--default button-icon-left\" aria-hidden=\"true\"><\/i><span class=\"fusion-button-text awb-button__text awb-button__text--default\">Lue lis\u00e4\u00e4<\/span><\/a><\/div><\/div><\/div><\/div><\/div><\/p>\n","protected":false},"excerpt":{"rendered":"","protected":false},"author":1,"featured_media":0,"parent":0,"menu_order":0,"comment_status":"closed","ping_status":"closed","template":"100-width.php","meta":{"footnotes":""},"class_list":["post-517","page","type-page","status-publish","hentry"],"_links":{"self":[{"href":"https:\/\/minervafoundation.fi\/fi\/wp-json\/wp\/v2\/pages\/517","targetHints":{"allow":["GET"]}}],"collection":[{"href":"https:\/\/minervafoundation.fi\/fi\/wp-json\/wp\/v2\/pages"}],"about":[{"href":"https:\/\/minervafoundation.fi\/fi\/wp-json\/wp\/v2\/types\/page"}],"author":[{"embeddable":true,"href":"https:\/\/minervafoundation.fi\/fi\/wp-json\/wp\/v2\/users\/1"}],"replies":[{"embeddable":true,"href":"https:\/\/minervafoundation.fi\/fi\/wp-json\/wp\/v2\/comments?post=517"}],"version-history":[{"count":37,"href":"https:\/\/minervafoundation.fi\/fi\/wp-json\/wp\/v2\/pages\/517\/revisions"}],"predecessor-version":[{"id":1462,"href":"https:\/\/minervafoundation.fi\/fi\/wp-json\/wp\/v2\/pages\/517\/revisions\/1462"}],"wp:attachment":[{"href":"https:\/\/minervafoundation.fi\/fi\/wp-json\/wp\/v2\/media?parent=517"}],"curies":[{"name":"wp","href":"https:\/\/api.w.org\/{rel}","templated":true}]}}