{"id":493,"date":"2023-12-21T08:11:35","date_gmt":"2023-12-21T08:11:35","guid":{"rendered":"https:\/\/dev.minervafoundation.fi\/tietoa\/"},"modified":"2026-04-22T08:39:53","modified_gmt":"2026-04-22T08:39:53","slug":"tietoa","status":"publish","type":"page","link":"https:\/\/minervafoundation.fi\/fi\/tietoa\/","title":{"rendered":"Tietoa"},"content":{"rendered":"<p><div class=\"fusion-fullwidth fullwidth-box fusion-builder-row-1 fusion-flex-container has-pattern-background has-mask-background nonhundred-percent-fullwidth non-hundred-percent-height-scrolling\" style=\"--awb-border-radius-top-left:0px;--awb-border-radius-top-right:0px;--awb-border-radius-bottom-right:0px;--awb-border-radius-bottom-left:0px;--awb-flex-wrap:wrap;\" ><div class=\"fusion-builder-row fusion-row fusion-flex-align-items-flex-start fusion-flex-content-wrap\" style=\"max-width:1248px;margin-left: calc(-4% \/ 2 );margin-right: calc(-4% \/ 2 );\"><div class=\"fusion-layout-column fusion_builder_column fusion-builder-column-0 fusion_builder_column_1_1 1_1 fusion-flex-column\" style=\"--awb-bg-size:cover;--awb-width-large:100%;--awb-margin-top-large:0px;--awb-spacing-right-large:1.92%;--awb-margin-bottom-large:20px;--awb-spacing-left-large:1.92%;--awb-width-medium:100%;--awb-order-medium:0;--awb-spacing-right-medium:1.92%;--awb-spacing-left-medium:1.92%;--awb-width-small:100%;--awb-order-small:0;--awb-spacing-right-small:1.92%;--awb-spacing-left-small:1.92%;\"><div class=\"fusion-column-wrapper fusion-column-has-shadow fusion-flex-justify-content-flex-start fusion-content-layout-column\"><div class=\"fusion-text fusion-text-1\"><h1>Tietoa<\/h1>\n<\/div><div class=\"fusion-text fusion-text-2\"><p>Minervas\u00e4\u00e4ti\u00f6 tukee ja edist\u00e4\u00e4 suomalaista luonnontieteiden tutkimusta, erityisesti l\u00e4\u00e4ketieteen ja biotieteiden saralla. S\u00e4\u00e4ti\u00f6n toiminta keskittyy Biomedicum Helsinki -tutkimuskeskuksessa sijaitsevan <a href=\"http:\/\/minervainstitute.fi\">L\u00e4\u00e4ketieteellisen tutkimuslaitos Minervan<\/a> yll\u00e4pitoon.<\/p>\n<\/div><\/div><\/div><\/div><\/div><div class=\"fusion-fullwidth fullwidth-box fusion-builder-row-2 fusion-flex-container has-pattern-background has-mask-background nonhundred-percent-fullwidth non-hundred-percent-height-scrolling\" style=\"--awb-border-radius-top-left:0px;--awb-border-radius-top-right:0px;--awb-border-radius-bottom-right:0px;--awb-border-radius-bottom-left:0px;--awb-flex-wrap:wrap;\" ><div class=\"fusion-builder-row fusion-row fusion-flex-align-items-stretch fusion-flex-content-wrap\" style=\"max-width:1248px;margin-left: calc(-4% \/ 2 );margin-right: calc(-4% \/ 2 );\"><div class=\"fusion-layout-column fusion_builder_column fusion-builder-column-1 fusion_builder_column_1_3 1_3 fusion-flex-column\" style=\"--awb-padding-top:10%;--awb-padding-right:10%;--awb-padding-bottom:10%;--awb-padding-left:10%;--awb-bg-color:var(--awb-color3);--awb-bg-color-hover:var(--awb-color3);--awb-bg-size:cover;--awb-border-color:var(--awb-color5);--awb-border-style:solid;--awb-width-large:33.333333333333%;--awb-margin-top-large:0px;--awb-spacing-right-large:5.76%;--awb-margin-bottom-large:20px;--awb-spacing-left-large:5.76%;--awb-width-medium:33.333333333333%;--awb-order-medium:0;--awb-spacing-right-medium:5.76%;--awb-spacing-left-medium:5.76%;--awb-width-small:100%;--awb-order-small:0;--awb-spacing-right-small:1.92%;--awb-spacing-left-small:1.92%;\" data-scroll-devices=\"small-visibility,medium-visibility,large-visibility\"><div class=\"fusion-column-wrapper fusion-column-has-shadow fusion-flex-justify-content-flex-start fusion-content-layout-column\"><div class=\"fusion-text fusion-text-3\"><h3>S\u00e4\u00e4ti\u00f6n hallitus<\/h3>\n<p>Professori Patrik Finne, puheenjohtaja<br \/>\nProfessori Per-Henrik Groop<br \/>\nProfessori Malin Sund<br \/>\nKTM Peter Immonen<br \/>\nKTM Kim Karhu<\/p>\n<\/div><\/div><\/div><div class=\"fusion-layout-column fusion_builder_column fusion-builder-column-2 fusion_builder_column_1_3 1_3 fusion-flex-column\" style=\"--awb-padding-top:10%;--awb-padding-right:10%;--awb-padding-bottom:10%;--awb-padding-left:10%;--awb-bg-color:var(--awb-color3);--awb-bg-color-hover:var(--awb-color3);--awb-bg-size:cover;--awb-border-color:var(--awb-color5);--awb-border-style:solid;--awb-width-large:33.333333333333%;--awb-margin-top-large:0px;--awb-spacing-right-large:5.76%;--awb-margin-bottom-large:20px;--awb-spacing-left-large:5.76%;--awb-width-medium:33.333333333333%;--awb-order-medium:0;--awb-spacing-right-medium:5.76%;--awb-spacing-left-medium:5.76%;--awb-width-small:100%;--awb-order-small:0;--awb-spacing-right-small:1.92%;--awb-spacing-left-small:1.92%;\" data-scroll-devices=\"small-visibility,medium-visibility,large-visibility\"><div class=\"fusion-column-wrapper fusion-column-has-shadow fusion-flex-justify-content-flex-start fusion-content-layout-column\"><div class=\"fusion-text fusion-text-4\"><h3>Talousvaliokunta<\/h3>\n<p>KTM Kim Karhu, puheenjohtaja<br \/>\nProfessori Caj Haglund<br \/>\nKTM Peter Immonen<br \/>\nKTM Roger L\u00f6nnberg<\/p>\n<\/div><\/div><\/div><div class=\"fusion-layout-column fusion_builder_column fusion-builder-column-3 fusion_builder_column_1_3 1_3 fusion-flex-column\" style=\"--awb-padding-top:10%;--awb-padding-right:10%;--awb-padding-bottom:10%;--awb-padding-left:10%;--awb-bg-color:var(--awb-color3);--awb-bg-color-hover:var(--awb-color3);--awb-bg-size:cover;--awb-border-color:var(--awb-color5);--awb-border-style:solid;--awb-width-large:33.333333333333%;--awb-margin-top-large:0px;--awb-spacing-right-large:5.76%;--awb-margin-bottom-large:20px;--awb-spacing-left-large:5.76%;--awb-width-medium:33.333333333333%;--awb-order-medium:0;--awb-spacing-right-medium:5.76%;--awb-spacing-left-medium:5.76%;--awb-width-small:100%;--awb-order-small:0;--awb-spacing-right-small:1.92%;--awb-spacing-left-small:1.92%;\" data-scroll-devices=\"small-visibility,medium-visibility,large-visibility\"><div class=\"fusion-column-wrapper fusion-column-has-shadow fusion-flex-justify-content-flex-start fusion-content-layout-column\"><div class=\"fusion-text fusion-text-5\"><h3>Tutkimusvaliokunta<\/h3>\n<p>Professori Per-Henrik Groop, puheenjohtaja<br \/>\nProfessori Malin Sund<br \/>\nProfessori Tom B\u00f6hling<br \/>\nProfessori Patrik Finne<br \/>\nDosentti Suvi Sil\u00e9n<br \/>\nDosentti Carina Wallgren-Pettersson<\/p>\n<\/div><\/div><\/div><\/div><\/div><div class=\"fusion-fullwidth fullwidth-box fusion-builder-row-3 fusion-flex-container has-pattern-background has-mask-background nonhundred-percent-fullwidth non-hundred-percent-height-scrolling\" style=\"--awb-border-radius-top-left:0px;--awb-border-radius-top-right:0px;--awb-border-radius-bottom-right:0px;--awb-border-radius-bottom-left:0px;--awb-margin-top:50px;--awb-flex-wrap:wrap;\" ><div class=\"fusion-builder-row fusion-row fusion-flex-align-items-flex-start fusion-flex-content-wrap\" style=\"max-width:1248px;margin-left: calc(-4% \/ 2 );margin-right: calc(-4% \/ 2 );\"><div class=\"fusion-layout-column fusion_builder_column fusion-builder-column-4 fusion_builder_column_1_1 1_1 fusion-flex-column\" style=\"--awb-bg-size:cover;--awb-width-large:100%;--awb-margin-top-large:0px;--awb-spacing-right-large:1.92%;--awb-margin-bottom-large:20px;--awb-spacing-left-large:1.92%;--awb-width-medium:100%;--awb-order-medium:0;--awb-spacing-right-medium:1.92%;--awb-spacing-left-medium:1.92%;--awb-width-small:100%;--awb-order-small:0;--awb-spacing-right-small:1.92%;--awb-spacing-left-small:1.92%;\"><div class=\"fusion-column-wrapper fusion-column-has-shadow fusion-flex-justify-content-flex-start fusion-content-layout-column\"><div class=\"fusion-text fusion-text-6\"><h1>Historia<\/h1>\n<\/div><\/div><\/div><\/div><\/div><div class=\"fusion-fullwidth fullwidth-box fusion-builder-row-4 fusion-flex-container has-pattern-background has-mask-background nonhundred-percent-fullwidth non-hundred-percent-height-scrolling\" style=\"--awb-border-radius-top-left:0px;--awb-border-radius-top-right:0px;--awb-border-radius-bottom-right:0px;--awb-border-radius-bottom-left:0px;--awb-flex-wrap:wrap;\" ><div class=\"fusion-builder-row fusion-row fusion-flex-align-items-flex-start fusion-flex-content-wrap\" style=\"max-width:1320px;margin-left: calc(-10% \/ 2 );margin-right: calc(-10% \/ 2 );\"><div class=\"fusion-layout-column fusion_builder_column fusion-builder-column-5 fusion_builder_column_3_5 3_5 fusion-flex-column\" style=\"--awb-bg-size:cover;--awb-width-large:60%;--awb-margin-top-large:0px;--awb-spacing-right-large:7.5%;--awb-margin-bottom-large:20px;--awb-spacing-left-large:7.5%;--awb-width-medium:60%;--awb-order-medium:0;--awb-spacing-right-medium:7.5%;--awb-spacing-left-medium:7.5%;--awb-width-small:100%;--awb-order-small:0;--awb-spacing-right-small:4.5%;--awb-spacing-left-small:4.5%;\"><div class=\"fusion-column-wrapper fusion-column-has-shadow fusion-flex-justify-content-flex-start fusion-content-layout-column\"><div class=\"fusion-text fusion-text-7\"><p>Marian sairaalassa sijainneen Helsingin yliopiston l\u00e4\u00e4ketieteen nelj\u00e4nnen osaston akateemisen henkil\u00f6kunnan j\u00e4senet tekiv\u00e4t 1950-luvulla eritt\u00e4in aktiivista tutkimusty\u00f6t\u00e4. Heill\u00e4 ei ollut kuitenkaan tarvittavia tiloja ty\u00f6lle. Osaston johtaja professori Bertel von Bonsdorff (1904\u20132004), joka oli tunnettu kalaper\u00e4isten heisimatojen aiheuttaman anemian tutkimuksistaan, ehdotti ett\u00e4 tutkijat yhdist\u00e4isiv\u00e4t apurahansa ja vuokraisivat tilan laboratoriota varten. H\u00e4nen ty\u00f6toverinsa suostuivat ehdotukseen, ja vuonna 1959 huoneita vuokrattiin pienest\u00e4 metodistien perustamasta Konkordia-sairaalasta. Minervas\u00e4\u00e4ti\u00f6 perustettiin tutkimusty\u00f6n oikeudelliseksi kehykseksi. Toiminnan aloittivat avustajiensa kanssa seuraavat kolme vanhempaa l\u00e4\u00e4ketieteen tutkijaa: sis\u00e4tautil\u00e4\u00e4k\u00e4ri ja endokrinologi Bror-Axel Lamberg (1923\u20132014), hematologi ja loistutkija Wolmar Nyberg (1919\u20131973) sek\u00e4 kliininen patologi ja biokemisti Ralph Gr\u00e4sbeck (1930\u20132016). Lamberg oli L\u00e4\u00e4ketieteellisen tutkimuslaitos Minervan ensimm\u00e4inen johtaja. Ensimm\u00e4inen tutkimuslaitoksessa v\u00e4it\u00f6skirjan kirjoittanut nuorempi tutkija oli Albert de la Chapelle, joka ryhtyi tutkimaan kromosomeja s\u00e4\u00e4ti\u00f6n johtajan professori Herman Hortlingin (1912\u20131992) ehdotuksesta.<\/p>\n<p>Nyberg ja Gr\u00e4sbeck jatkoivat von Bonsdorffin tutkimusty\u00f6t\u00e4 ja todistivat, ett\u00e4 heisimato aiheuttaa is\u00e4nn\u00e4ss\u00e4\u00e4n B12-vitamiinin (kobalamiinin) puutosta. My\u00f6hemmin Gr\u00e4sbeck jatkoi B12-vitamiinin proteiiniv\u00e4litteisen siirtymisen tutkimista. Yhdess\u00e4 Kai Simonsin kanssa h\u00e4n eristi ensimm\u00e4isen\u00e4 Castlen sis\u00e4isen tekij\u00e4n ja laati kuvauksen haptokorriinista (jota he kutsuivat R-kuljettajaproteiiniksi). Lamberg otti k\u00e4ytt\u00f6\u00f6n radioaktiivisen jodin kilpirauhassairauksien diagnosointia ja tutkimista varten sek\u00e4 vahvisti jodin puutoksen olevan endeemisen struuman aiheuttaja Suomessa. De la Chapellesta tuli my\u00f6hemmin tunnustettu geenitutkija. Simonsista tuli kuuluisa solubiologi, joka johti useita vuosia Saksassa Euroopan molekyylibiologian laboratorion solubiologian osastoa Heidelbergiss\u00e4 sek\u00e4 Max Planck -instituuttia Dresdeniss\u00e4. Frej Fyhrquist kirjoitti v\u00e4it\u00f6skirjan reniini-angiotensiinij\u00e4rjestelm\u00e4st\u00e4, h\u00e4nest\u00e4 tuli verenpaineen hormonaalisen s\u00e4\u00e4telyn asiantuntija, ja h\u00e4n toimi tutkimuslaitoksen johtajana vuoden 2003 loppuun Gr\u00e4sbeckin j\u00e4lkeen, joka oli johtaja vuosina 1971\u20131994. Fyhrquistia tutkimuslaitoksen johtajana seurasi neurobiologi, professori Dan Lindholm, jota vuorostaan seurasi vuonna 2011 lipideihin erikoistunut solubiologi sek\u00e4 syd\u00e4n- ja verisuonitutkija, professori Vesa Olkkonen.<\/p>\n<p>Minervassa teht\u00e4v\u00e4\u00e4 tutkimusty\u00f6t\u00e4 varten otettiin k\u00e4ytt\u00f6\u00f6n lukuisia laboratoriokokeita. Useat niist\u00e4 her\u00e4ttiv\u00e4t mielenkiintoa, ja niist\u00e4 tuli my\u00f6hemmin l\u00e4\u00e4k\u00e4rien pyyt\u00e4mi\u00e4 rutiinikokeita. S\u00e4\u00e4ti\u00f6ll\u00e4 ei ole kuitenkaan lupaa harjoittaa kaupallista toimintaa, ja kokeita oli vaikea tarjota palveluna, kun asiakkaita ei voinut laskuttaa. T\u00e4m\u00e4n vuoksi tutkijat perustivat kokeiden suorittamista varten Medix Oy:n. Perustajat lahjoittivat osakkeensa Minerva- ja Folkh\u00e4lsan-s\u00e4\u00e4ti\u00f6ille sek\u00e4 Liv och H\u00e4lsa -yhdistykselle (laki vaati tuolloin, ett\u00e4 osakeyhti\u00f6ll\u00e4 on v\u00e4hint\u00e4\u00e4n kolme omistajaa) sill\u00e4 edellytyksell\u00e4, ett\u00e4 kaikki voitot k\u00e4ytet\u00e4\u00e4n tutkimusty\u00f6n edist\u00e4miseen. Yhti\u00f6 on sittemmin laajentunut ja kasvanut merkitt\u00e4v\u00e4sti. Yhtyneet Medix Laboratoriot Oy:st\u00e4 tuli Suomen suurin yksityinen vertailulaboratorio. Medix Biochemica Oy valmistaa monoklonaalisia vasta-aineita ja reagenssipakkauksia, joita myyd\u00e4\u00e4n ymp\u00e4ri maailmaa. Yritysten voittojen ja niist\u00e4 saatujen osinkojen avulla s\u00e4\u00e4ti\u00f6 on pystynyt yll\u00e4pit\u00e4m\u00e4\u00e4n tutkimuslaitoksen infrastruktuuria. Vuonna 2016 Minervas\u00e4\u00e4ti\u00f6 myi suurimman osan omistusosuudestaan Medix-yhti\u00f6iss\u00e4 ja siirsi omistuksensa arvopapereihin osakemarkkinoille. Osaa niist\u00e4 saatavista osingoista k\u00e4ytet\u00e4\u00e4n t\u00e4ll\u00e4 hetkell\u00e4 tutkimuslaitoksen toiminnan py\u00f6ritt\u00e4miseen.<\/p>\n<\/div><\/div><\/div><div class=\"fusion-layout-column fusion_builder_column fusion-builder-column-6 fusion_builder_column_2_5 2_5 fusion-flex-column\" style=\"--awb-bg-size:cover;--awb-width-large:40%;--awb-margin-top-large:0px;--awb-spacing-right-large:11.25%;--awb-margin-bottom-large:20px;--awb-spacing-left-large:11.25%;--awb-width-medium:40%;--awb-order-medium:0;--awb-spacing-right-medium:11.25%;--awb-spacing-left-medium:11.25%;--awb-width-small:100%;--awb-order-small:0;--awb-spacing-right-small:4.5%;--awb-spacing-left-small:4.5%;\"><div class=\"fusion-column-wrapper fusion-column-has-shadow fusion-flex-justify-content-flex-start fusion-content-layout-column\"><div class=\"fusion-image-element \" style=\"--awb-caption-title-font-family:var(--h2_typography-font-family);--awb-caption-title-font-weight:var(--h2_typography-font-weight);--awb-caption-title-font-style:var(--h2_typography-font-style);--awb-caption-title-size:var(--h2_typography-font-size);--awb-caption-title-transform:var(--h2_typography-text-transform);--awb-caption-title-line-height:var(--h2_typography-line-height);--awb-caption-title-letter-spacing:var(--h2_typography-letter-spacing);\"><span class=\" fusion-imageframe imageframe-none imageframe-1 hover-type-none\"><img decoding=\"async\" width=\"2500\" height=\"1767\" title=\"3. Alku_1970\" src=\"https:\/\/minervafoundation.fi\/wp-content\/uploads\/2023\/12\/3.-Alku_1970.jpg\" alt class=\"img-responsive wp-image-395\" srcset=\"https:\/\/minervafoundation.fi\/wp-content\/uploads\/2023\/12\/3.-Alku_1970-200x141.jpg 200w, https:\/\/minervafoundation.fi\/wp-content\/uploads\/2023\/12\/3.-Alku_1970-400x283.jpg 400w, https:\/\/minervafoundation.fi\/wp-content\/uploads\/2023\/12\/3.-Alku_1970-600x424.jpg 600w, https:\/\/minervafoundation.fi\/wp-content\/uploads\/2023\/12\/3.-Alku_1970-800x565.jpg 800w, https:\/\/minervafoundation.fi\/wp-content\/uploads\/2023\/12\/3.-Alku_1970-1200x848.jpg 1200w, https:\/\/minervafoundation.fi\/wp-content\/uploads\/2023\/12\/3.-Alku_1970.jpg 2500w\" sizes=\"(max-width: 640px) 100vw, 400px\" \/><\/span><\/div><div class=\"fusion-text fusion-text-8\" style=\"--awb-margin-top:10px;\"><p><em>1970<\/em><\/p>\n<\/div><div class=\"fusion-image-element \" style=\"--awb-margin-top:50px;--awb-caption-title-font-family:var(--h2_typography-font-family);--awb-caption-title-font-weight:var(--h2_typography-font-weight);--awb-caption-title-font-style:var(--h2_typography-font-style);--awb-caption-title-size:var(--h2_typography-font-size);--awb-caption-title-transform:var(--h2_typography-text-transform);--awb-caption-title-line-height:var(--h2_typography-line-height);--awb-caption-title-letter-spacing:var(--h2_typography-letter-spacing);\"><span class=\" fusion-imageframe imageframe-none imageframe-2 hover-type-none\"><img decoding=\"async\" width=\"2500\" height=\"1576\" title=\"8. Maria sjukhus\" src=\"https:\/\/minervafoundation.fi\/wp-content\/uploads\/2023\/12\/8.-Maria-sjukhus.jpg\" alt class=\"img-responsive wp-image-397\" srcset=\"https:\/\/minervafoundation.fi\/wp-content\/uploads\/2023\/12\/8.-Maria-sjukhus-200x126.jpg 200w, https:\/\/minervafoundation.fi\/wp-content\/uploads\/2023\/12\/8.-Maria-sjukhus-400x252.jpg 400w, https:\/\/minervafoundation.fi\/wp-content\/uploads\/2023\/12\/8.-Maria-sjukhus-600x378.jpg 600w, https:\/\/minervafoundation.fi\/wp-content\/uploads\/2023\/12\/8.-Maria-sjukhus-800x504.jpg 800w, https:\/\/minervafoundation.fi\/wp-content\/uploads\/2023\/12\/8.-Maria-sjukhus-1200x756.jpg 1200w, https:\/\/minervafoundation.fi\/wp-content\/uploads\/2023\/12\/8.-Maria-sjukhus.jpg 2500w\" sizes=\"(max-width: 640px) 100vw, 400px\" \/><\/span><\/div><div class=\"fusion-text fusion-text-9\" style=\"--awb-margin-top:10px;\"><p><em>Marian sairaala<\/em><\/p>\n<\/div><div class=\"fusion-image-element \" style=\"--awb-margin-top:50px;--awb-caption-title-font-family:var(--h2_typography-font-family);--awb-caption-title-font-weight:var(--h2_typography-font-weight);--awb-caption-title-font-style:var(--h2_typography-font-style);--awb-caption-title-size:var(--h2_typography-font-size);--awb-caption-title-transform:var(--h2_typography-text-transform);--awb-caption-title-line-height:var(--h2_typography-line-height);--awb-caption-title-letter-spacing:var(--h2_typography-letter-spacing);\"><span class=\" fusion-imageframe imageframe-none imageframe-3 hover-type-none\"><img decoding=\"async\" width=\"707\" height=\"1000\" title=\"Chapelle\" src=\"https:\/\/minervafoundation.fi\/wp-content\/uploads\/2023\/12\/Chapelle.jpg\" alt class=\"img-responsive wp-image-401\" srcset=\"https:\/\/minervafoundation.fi\/wp-content\/uploads\/2023\/12\/Chapelle-200x283.jpg 200w, https:\/\/minervafoundation.fi\/wp-content\/uploads\/2023\/12\/Chapelle-400x566.jpg 400w, https:\/\/minervafoundation.fi\/wp-content\/uploads\/2023\/12\/Chapelle-600x849.jpg 600w, https:\/\/minervafoundation.fi\/wp-content\/uploads\/2023\/12\/Chapelle.jpg 707w\" sizes=\"(max-width: 640px) 100vw, 400px\" \/><\/span><\/div><div class=\"fusion-text fusion-text-10\" style=\"--awb-margin-top:10px;\"><p><em>Albert de la Chapelle<\/em><\/p>\n<\/div><\/div><\/div><\/div><\/div><div class=\"fusion-fullwidth fullwidth-box fusion-builder-row-5 fusion-flex-container has-pattern-background has-mask-background nonhundred-percent-fullwidth non-hundred-percent-height-scrolling\" style=\"--awb-border-radius-top-left:0px;--awb-border-radius-top-right:0px;--awb-border-radius-bottom-right:0px;--awb-border-radius-bottom-left:0px;--awb-flex-wrap:wrap;\" ><div class=\"fusion-builder-row fusion-row fusion-flex-align-items-flex-start fusion-flex-content-wrap\" style=\"max-width:1248px;margin-left: calc(-4% \/ 2 );margin-right: calc(-4% \/ 2 );\"><div class=\"fusion-layout-column fusion_builder_column fusion-builder-column-7 fusion_builder_column_1_1 1_1 fusion-flex-column\" style=\"--awb-bg-size:cover;--awb-width-large:100%;--awb-margin-top-large:0px;--awb-spacing-right-large:1.92%;--awb-margin-bottom-large:20px;--awb-spacing-left-large:1.92%;--awb-width-medium:100%;--awb-order-medium:0;--awb-spacing-right-medium:1.92%;--awb-spacing-left-medium:1.92%;--awb-width-small:100%;--awb-order-small:0;--awb-spacing-right-small:1.92%;--awb-spacing-left-small:1.92%;\"><div class=\"fusion-column-wrapper fusion-column-has-shadow fusion-flex-justify-content-flex-start fusion-content-layout-column\"><\/div><\/div><\/div><\/div><\/p>\n","protected":false},"excerpt":{"rendered":"","protected":false},"author":1,"featured_media":0,"parent":0,"menu_order":0,"comment_status":"closed","ping_status":"closed","template":"100-width.php","meta":{"footnotes":""},"class_list":["post-493","page","type-page","status-publish","hentry"],"_links":{"self":[{"href":"https:\/\/minervafoundation.fi\/fi\/wp-json\/wp\/v2\/pages\/493","targetHints":{"allow":["GET"]}}],"collection":[{"href":"https:\/\/minervafoundation.fi\/fi\/wp-json\/wp\/v2\/pages"}],"about":[{"href":"https:\/\/minervafoundation.fi\/fi\/wp-json\/wp\/v2\/types\/page"}],"author":[{"embeddable":true,"href":"https:\/\/minervafoundation.fi\/fi\/wp-json\/wp\/v2\/users\/1"}],"replies":[{"embeddable":true,"href":"https:\/\/minervafoundation.fi\/fi\/wp-json\/wp\/v2\/comments?post=493"}],"version-history":[{"count":10,"href":"https:\/\/minervafoundation.fi\/fi\/wp-json\/wp\/v2\/pages\/493\/revisions"}],"predecessor-version":[{"id":1614,"href":"https:\/\/minervafoundation.fi\/fi\/wp-json\/wp\/v2\/pages\/493\/revisions\/1614"}],"wp:attachment":[{"href":"https:\/\/minervafoundation.fi\/fi\/wp-json\/wp\/v2\/media?parent=493"}],"curies":[{"name":"wp","href":"https:\/\/api.w.org\/{rel}","templated":true}]}}